{"id":80,"date":"2018-05-07T19:22:20","date_gmt":"2018-05-07T19:22:20","guid":{"rendered":"http:\/\/localhost\/?page_id=80"},"modified":"2022-06-28T17:06:29","modified_gmt":"2022-06-28T22:06:29","slug":"unidad-de-cuidados-intensivos","status":"publish","type":"page","link":"https:\/\/www.fsjb.org\/web\/?page_id=80","title":{"rendered":"Unidad de Cuidados Intensivos"},"content":{"rendered":"<p><span style=\"color: #000000;\"><img loading=\"lazy\" decoding=\"async\" class=\"size-medium wp-image-1770 alignright\" src=\"https:\/\/www.fhsjb.org\/web\/wp-content\/uploads\/DSC_0034-300x199.png\" alt=\"\" width=\"300\" height=\"199\" srcset=\"https:\/\/www.fsjb.org\/web\/wp-content\/uploads\/DSC_0034-300x199.png 300w, https:\/\/www.fsjb.org\/web\/wp-content\/uploads\/DSC_0034.png 350w\" sizes=\"auto, (max-width: 300px) 100vw, 300px\" \/>Atendida por un selecto equipo m\u00e9dico de especialistas con cubrimiento las 24 horas con el apoyo de profesionales en enfermer\u00eda, terapia f\u00edsica y respiratoria con entrenamiento e idoneidad en el \u00e1rea.<\/span><\/p>\n<ul>\n<li><span style=\"color: #000000;\">18 Habitaciones sencillas<\/span><\/li>\n<li><span style=\"color: #000000;\">2 Habitaciones de Aislamiento Estricto<\/span><\/li>\n<li><span style=\"color: #000000;\">Ventilaci\u00f3n Mec\u00e1nica Invasiva y No Invasiva<\/span><\/li>\n<li><span style=\"color: #000000;\">Monitoreo B\u00e1sico y Capnograf\u00eda<\/span><\/li>\n<li><span style=\"color: #000000;\">Gases Arteriales y Venosos Mixtos<\/span><\/li>\n<li><span style=\"color: #000000;\">L\u00ednea Arterial<\/span><\/li>\n<li><span style=\"color: #000000;\">Monitoreo de Arteria Pulmonar (Swan Ganz)<\/span><\/li>\n<li><span style=\"color: #000000;\">Monitoreo de Presi\u00f3n Intracerebral y Arterioyugular<\/span><\/li>\n<li><span style=\"color: #000000;\">Hemodi\u00e1lisis, Hemofiltraci\u00f3n y Hemodiafiltraci\u00f3n Venosa Continua<\/span><\/li>\n<li><span style=\"color: #000000;\">Marcapaso Transvenoso Transitorio<\/span><\/li>\n<li><span style=\"color: #000000;\">Camas El\u00e9ctricas con Dise\u00f1o Especial<\/span><\/li>\n<li><span style=\"color: #000000;\">Glucometr\u00eda Capilar<\/span><\/li>\n<li><span style=\"color: #000000;\">Nutrici\u00f3n Enteral y Parental Total<\/span><\/li>\n<\/ul>\n ","protected":false},"excerpt":{"rendered":"<p>Atendida por un selecto equipo m\u00e9dico de especialistas con cubrimiento las 24 horas con el apoyo de profesionales en enfermer\u00eda, terapia f\u00edsica y respiratoria con entrenamiento e idoneidad en el \u00e1rea. 18 Habitaciones sencillas 2 Habitaciones de Aislamiento Estricto Ventilaci\u00f3n Mec\u00e1nica Invasiva y No Invasiva Monitoreo B\u00e1sico y Capnograf\u00eda Gases Arteriales y Venosos Mixtos L\u00ednea [&hellip;]<\/p>\n","protected":false},"author":1,"featured_media":0,"parent":0,"menu_order":0,"comment_status":"closed","ping_status":"closed","template":"","meta":{"_cbd_carousel_blocks":"[]","footnotes":""},"class_list":["post-80","page","type-page","status-publish","hentry"],"yoast_head":"<!-- This site is optimized with the Yoast SEO plugin v27.5 - https:\/\/yoast.com\/product\/yoast-seo-wordpress\/ -->\n<title>Unidad de Cuidados Intensivos - Fundaci&oacute;n San Jos&eacute; Buga<\/title>\n<meta name=\"robots\" content=\"index, follow, max-snippet:-1, max-image-preview:large, max-video-preview:-1\" \/>\n<link rel=\"canonical\" href=\"https:\/\/www.fsjb.org\/web\/?page_id=80\" \/>\n<meta property=\"og:locale\" content=\"es_ES\" \/>\n<meta property=\"og:type\" content=\"article\" \/>\n<meta property=\"og:title\" content=\"Unidad de Cuidados Intensivos - Fundaci&oacute;n San Jos&eacute; Buga\" \/>\n<meta property=\"og:description\" content=\"Atendida por un selecto equipo m\u00e9dico de especialistas con cubrimiento las 24 horas con el apoyo de profesionales en enfermer\u00eda, terapia f\u00edsica y respiratoria con entrenamiento e idoneidad en el \u00e1rea. 18 Habitaciones sencillas 2 Habitaciones de Aislamiento Estricto Ventilaci\u00f3n Mec\u00e1nica Invasiva y No Invasiva Monitoreo B\u00e1sico y Capnograf\u00eda Gases Arteriales y Venosos Mixtos L\u00ednea [&hellip;]\" \/>\n<meta property=\"og:url\" content=\"https:\/\/www.fsjb.org\/web\/?page_id=80\" \/>\n<meta property=\"og:site_name\" content=\"Fundaci&oacute;n San Jos&eacute; Buga\" \/>\n<meta property=\"article:publisher\" content=\"https:\/\/www.facebook.com\/fundacionsanjosebuga\/\" \/>\n<meta property=\"article:modified_time\" content=\"2022-06-28T22:06:29+00:00\" \/>\n<meta property=\"og:image\" content=\"https:\/\/www.fhsjb.org\/web\/wp-content\/uploads\/DSC_0034-300x199.png\" \/>\n<meta name=\"twitter:card\" content=\"summary_large_image\" \/>\n<meta name=\"twitter:label1\" content=\"Tiempo de lectura\" \/>\n\t<meta name=\"twitter:data1\" content=\"1 minuto\" \/>\n<script type=\"application\/ld+json\" class=\"yoast-schema-graph\">{\"@context\":\"https:\\\/\\\/schema.org\",\"@graph\":[{\"@type\":\"WebPage\",\"@id\":\"https:\\\/\\\/www.fsjb.org\\\/web\\\/?page_id=80\",\"url\":\"https:\\\/\\\/www.fsjb.org\\\/web\\\/?page_id=80\",\"name\":\"Unidad de Cuidados Intensivos - Fundaci&oacute;n San Jos&eacute; Buga\",\"isPartOf\":{\"@id\":\"https:\\\/\\\/www.fsjb.org\\\/web\\\/#website\"},\"primaryImageOfPage\":{\"@id\":\"https:\\\/\\\/www.fsjb.org\\\/web\\\/?page_id=80#primaryimage\"},\"image\":{\"@id\":\"https:\\\/\\\/www.fsjb.org\\\/web\\\/?page_id=80#primaryimage\"},\"thumbnailUrl\":\"https:\\\/\\\/www.fhsjb.org\\\/web\\\/wp-content\\\/uploads\\\/DSC_0034-300x199.png\",\"datePublished\":\"2018-05-07T19:22:20+00:00\",\"dateModified\":\"2022-06-28T22:06:29+00:00\",\"breadcrumb\":{\"@id\":\"https:\\\/\\\/www.fsjb.org\\\/web\\\/?page_id=80#breadcrumb\"},\"inLanguage\":\"es\",\"potentialAction\":[{\"@type\":\"ReadAction\",\"target\":[\"https:\\\/\\\/www.fsjb.org\\\/web\\\/?page_id=80\"]}]},{\"@type\":\"ImageObject\",\"inLanguage\":\"es\",\"@id\":\"https:\\\/\\\/www.fsjb.org\\\/web\\\/?page_id=80#primaryimage\",\"url\":\"https:\\\/\\\/www.fhsjb.org\\\/web\\\/wp-content\\\/uploads\\\/DSC_0034-300x199.png\",\"contentUrl\":\"https:\\\/\\\/www.fhsjb.org\\\/web\\\/wp-content\\\/uploads\\\/DSC_0034-300x199.png\"},{\"@type\":\"BreadcrumbList\",\"@id\":\"https:\\\/\\\/www.fsjb.org\\\/web\\\/?page_id=80#breadcrumb\",\"itemListElement\":[{\"@type\":\"ListItem\",\"position\":1,\"name\":\"Portada\",\"item\":\"https:\\\/\\\/www.fsjb.org\\\/web\\\/\"},{\"@type\":\"ListItem\",\"position\":2,\"name\":\"Unidad de Cuidados Intensivos\"}]},{\"@type\":\"WebSite\",\"@id\":\"https:\\\/\\\/www.fsjb.org\\\/web\\\/#website\",\"url\":\"https:\\\/\\\/www.fsjb.org\\\/web\\\/\",\"name\":\"Fundaci\u00f3n San Jos\u00e9 Buga\",\"description\":\"Pagina web\",\"publisher\":{\"@id\":\"https:\\\/\\\/www.fsjb.org\\\/web\\\/#organization\"},\"potentialAction\":[{\"@type\":\"SearchAction\",\"target\":{\"@type\":\"EntryPoint\",\"urlTemplate\":\"https:\\\/\\\/www.fsjb.org\\\/web\\\/?s={search_term_string}\"},\"query-input\":{\"@type\":\"PropertyValueSpecification\",\"valueRequired\":true,\"valueName\":\"search_term_string\"}}],\"inLanguage\":\"es\"},{\"@type\":\"Organization\",\"@id\":\"https:\\\/\\\/www.fsjb.org\\\/web\\\/#organization\",\"name\":\"Fundaci\u00f3n San Jos\u00e9 Buga\",\"url\":\"https:\\\/\\\/www.fsjb.org\\\/web\\\/\",\"logo\":{\"@type\":\"ImageObject\",\"inLanguage\":\"es\",\"@id\":\"https:\\\/\\\/www.fsjb.org\\\/web\\\/#\\\/schema\\\/logo\\\/image\\\/\",\"url\":\"https:\\\/\\\/www.fsjb.org\\\/web\\\/wp-content\\\/uploads\\\/logo-n.png\",\"contentUrl\":\"https:\\\/\\\/www.fsjb.org\\\/web\\\/wp-content\\\/uploads\\\/logo-n.png\",\"width\":208,\"height\":166,\"caption\":\"Fundaci\u00f3n San Jos\u00e9 Buga\"},\"image\":{\"@id\":\"https:\\\/\\\/www.fsjb.org\\\/web\\\/#\\\/schema\\\/logo\\\/image\\\/\"},\"sameAs\":[\"https:\\\/\\\/www.facebook.com\\\/fundacionsanjosebuga\\\/\",\"https:\\\/\\\/co.linkedin.com\\\/company\\\/fsjb\"]}]}<\/script>\n<!-- \/ Yoast SEO plugin. -->","yoast_head_json":{"title":"Unidad de Cuidados Intensivos - Fundaci&oacute;n San Jos&eacute; Buga","robots":{"index":"index","follow":"follow","max-snippet":"max-snippet:-1","max-image-preview":"max-image-preview:large","max-video-preview":"max-video-preview:-1"},"canonical":"https:\/\/www.fsjb.org\/web\/?page_id=80","og_locale":"es_ES","og_type":"article","og_title":"Unidad de Cuidados Intensivos - Fundaci&oacute;n San Jos&eacute; Buga","og_description":"Atendida por un selecto equipo m\u00e9dico de especialistas con cubrimiento las 24 horas con el apoyo de profesionales en enfermer\u00eda, terapia f\u00edsica y respiratoria con entrenamiento e idoneidad en el \u00e1rea. 18 Habitaciones sencillas 2 Habitaciones de Aislamiento Estricto Ventilaci\u00f3n Mec\u00e1nica Invasiva y No Invasiva Monitoreo B\u00e1sico y Capnograf\u00eda Gases Arteriales y Venosos Mixtos L\u00ednea [&hellip;]","og_url":"https:\/\/www.fsjb.org\/web\/?page_id=80","og_site_name":"Fundaci&oacute;n San Jos&eacute; Buga","article_publisher":"https:\/\/www.facebook.com\/fundacionsanjosebuga\/","article_modified_time":"2022-06-28T22:06:29+00:00","og_image":[{"url":"https:\/\/www.fhsjb.org\/web\/wp-content\/uploads\/DSC_0034-300x199.png","type":"","width":"","height":""}],"twitter_card":"summary_large_image","twitter_misc":{"Tiempo de lectura":"1 minuto"},"schema":{"@context":"https:\/\/schema.org","@graph":[{"@type":"WebPage","@id":"https:\/\/www.fsjb.org\/web\/?page_id=80","url":"https:\/\/www.fsjb.org\/web\/?page_id=80","name":"Unidad de Cuidados Intensivos - Fundaci&oacute;n San Jos&eacute; Buga","isPartOf":{"@id":"https:\/\/www.fsjb.org\/web\/#website"},"primaryImageOfPage":{"@id":"https:\/\/www.fsjb.org\/web\/?page_id=80#primaryimage"},"image":{"@id":"https:\/\/www.fsjb.org\/web\/?page_id=80#primaryimage"},"thumbnailUrl":"https:\/\/www.fhsjb.org\/web\/wp-content\/uploads\/DSC_0034-300x199.png","datePublished":"2018-05-07T19:22:20+00:00","dateModified":"2022-06-28T22:06:29+00:00","breadcrumb":{"@id":"https:\/\/www.fsjb.org\/web\/?page_id=80#breadcrumb"},"inLanguage":"es","potentialAction":[{"@type":"ReadAction","target":["https:\/\/www.fsjb.org\/web\/?page_id=80"]}]},{"@type":"ImageObject","inLanguage":"es","@id":"https:\/\/www.fsjb.org\/web\/?page_id=80#primaryimage","url":"https:\/\/www.fhsjb.org\/web\/wp-content\/uploads\/DSC_0034-300x199.png","contentUrl":"https:\/\/www.fhsjb.org\/web\/wp-content\/uploads\/DSC_0034-300x199.png"},{"@type":"BreadcrumbList","@id":"https:\/\/www.fsjb.org\/web\/?page_id=80#breadcrumb","itemListElement":[{"@type":"ListItem","position":1,"name":"Portada","item":"https:\/\/www.fsjb.org\/web\/"},{"@type":"ListItem","position":2,"name":"Unidad de Cuidados Intensivos"}]},{"@type":"WebSite","@id":"https:\/\/www.fsjb.org\/web\/#website","url":"https:\/\/www.fsjb.org\/web\/","name":"Fundaci\u00f3n San Jos\u00e9 Buga","description":"Pagina web","publisher":{"@id":"https:\/\/www.fsjb.org\/web\/#organization"},"potentialAction":[{"@type":"SearchAction","target":{"@type":"EntryPoint","urlTemplate":"https:\/\/www.fsjb.org\/web\/?s={search_term_string}"},"query-input":{"@type":"PropertyValueSpecification","valueRequired":true,"valueName":"search_term_string"}}],"inLanguage":"es"},{"@type":"Organization","@id":"https:\/\/www.fsjb.org\/web\/#organization","name":"Fundaci\u00f3n San Jos\u00e9 Buga","url":"https:\/\/www.fsjb.org\/web\/","logo":{"@type":"ImageObject","inLanguage":"es","@id":"https:\/\/www.fsjb.org\/web\/#\/schema\/logo\/image\/","url":"https:\/\/www.fsjb.org\/web\/wp-content\/uploads\/logo-n.png","contentUrl":"https:\/\/www.fsjb.org\/web\/wp-content\/uploads\/logo-n.png","width":208,"height":166,"caption":"Fundaci\u00f3n San Jos\u00e9 Buga"},"image":{"@id":"https:\/\/www.fsjb.org\/web\/#\/schema\/logo\/image\/"},"sameAs":["https:\/\/www.facebook.com\/fundacionsanjosebuga\/","https:\/\/co.linkedin.com\/company\/fsjb"]}]}},"_links":{"self":[{"href":"https:\/\/www.fsjb.org\/web\/index.php?rest_route=\/wp\/v2\/pages\/80","targetHints":{"allow":["GET"]}}],"collection":[{"href":"https:\/\/www.fsjb.org\/web\/index.php?rest_route=\/wp\/v2\/pages"}],"about":[{"href":"https:\/\/www.fsjb.org\/web\/index.php?rest_route=\/wp\/v2\/types\/page"}],"author":[{"embeddable":true,"href":"https:\/\/www.fsjb.org\/web\/index.php?rest_route=\/wp\/v2\/users\/1"}],"replies":[{"embeddable":true,"href":"https:\/\/www.fsjb.org\/web\/index.php?rest_route=%2Fwp%2Fv2%2Fcomments&post=80"}],"version-history":[{"count":0,"href":"https:\/\/www.fsjb.org\/web\/index.php?rest_route=\/wp\/v2\/pages\/80\/revisions"}],"wp:attachment":[{"href":"https:\/\/www.fsjb.org\/web\/index.php?rest_route=%2Fwp%2Fv2%2Fmedia&parent=80"}],"curies":[{"name":"wp","href":"https:\/\/api.w.org\/{rel}","templated":true}]}}