{"id":70,"date":"2018-05-07T19:22:19","date_gmt":"2018-05-07T19:22:19","guid":{"rendered":"http:\/\/localhost\/?page_id=70"},"modified":"2024-02-20T15:49:45","modified_gmt":"2024-02-20T20:49:45","slug":"politica-de-calidad","status":"publish","type":"page","link":"https:\/\/www.fsjb.org\/web\/?page_id=70","title":{"rendered":"Pol\u00edtica de Calidad"},"content":{"rendered":"<div id=\"panelCentral\">\n<p class=\"italic\" style=\"text-align: left;\">La Fundaci\u00f3n San Jos\u00e9 de Buga se compromete a generar una cultura orientada a la<br \/>\nmejora continua de los procesos, al fortalecimiento de la prestaci\u00f3n de servicios de salud<br \/>\nhumanizados y seguros de mediana y alta complejidad en el norte y centro del valle del<br \/>\ncauca, con un enfoque de prevenci\u00f3n de eventos que pueda afectar el desarrollo de los<br \/>\nobjetivos estrat\u00e9gicos institucionales, con talento humano comprometido, con tecnolog\u00eda<br \/>\ne infraestructura adecuada, optimizando los recursos, y respetando el marco legal vigente<br \/>\nobteniendo los mejores resultados en salud y la satisfacci\u00f3n tanto del paciente como de<br \/>\ntodas las partes interesadas que participan en el proceso de atenci\u00f3n.<\/p>\n<h2 style=\"text-align: left;\"><span style=\"color: #007970;\"><strong>Objetivos de Calidad<\/strong><\/span><\/h2>\n<p>1. Incrementar la satisfacci\u00f3n del paciente, familia, acompa\u00f1antes, colaboradores y<br \/>\npartes interesadas.<br \/>\n2. Fortalecer la mejora continua de los procesos<br \/>\n3. Cumplir con las metas de direccionamiento estrat\u00e9gico.<br \/>\n4. Fortalecer la eficiencia en la optimizaci\u00f3n de los recursos<br \/>\n5. Mantener la prestaci\u00f3n de los servicios de salud humanizados y seguros<br \/>\ncumpliendo con el Sistema obligatoria de garant\u00eda de la calidad \u201cSOGC\u201d, y marco<br \/>\nlegal vigente aplicable.<br \/>\n6. Increment<\/p>\n<p><strong>Consulte el documento completo aqu\u00ed<\/strong>: <span style=\"color: #000000;\"><a href=\"https:\/\/www.fhsjb.org\/web\/wp-content\/uploads\/POL-GMC-SGC-001-POLITICA-DE-CALIDAD-.pdf\">POL-GMC-SGC-001 POLITICA DE CALIDAD<\/a><\/span><\/p>\n<\/div>\n ","protected":false},"excerpt":{"rendered":"<p>La Fundaci\u00f3n San Jos\u00e9 de Buga se compromete a generar una cultura orientada a la mejora continua de los procesos, al fortalecimiento de la prestaci\u00f3n de servicios de salud humanizados y seguros de mediana y alta complejidad en el norte y centro del valle del cauca, con un enfoque de prevenci\u00f3n de eventos que pueda [&hellip;]<\/p>\n","protected":false},"author":1,"featured_media":0,"parent":0,"menu_order":0,"comment_status":"closed","ping_status":"closed","template":"","meta":{"_cbd_carousel_blocks":"[]","footnotes":""},"class_list":["post-70","page","type-page","status-publish","hentry"],"yoast_head":"<!-- This site is optimized with the Yoast SEO plugin v27.5 - https:\/\/yoast.com\/product\/yoast-seo-wordpress\/ -->\n<title>Pol\u00edtica de Calidad - Fundaci&oacute;n San Jos&eacute; Buga<\/title>\n<meta name=\"robots\" content=\"index, follow, max-snippet:-1, max-image-preview:large, max-video-preview:-1\" \/>\n<link rel=\"canonical\" href=\"https:\/\/www.fsjb.org\/web\/?page_id=70\" \/>\n<meta property=\"og:locale\" content=\"es_ES\" \/>\n<meta property=\"og:type\" content=\"article\" \/>\n<meta property=\"og:title\" content=\"Pol\u00edtica de Calidad - Fundaci&oacute;n San Jos&eacute; Buga\" \/>\n<meta property=\"og:description\" content=\"La Fundaci\u00f3n San Jos\u00e9 de Buga se compromete a generar una cultura orientada a la mejora continua de los procesos, al fortalecimiento de la prestaci\u00f3n de servicios de salud humanizados y seguros de mediana y alta complejidad en el norte y centro del valle del cauca, con un enfoque de prevenci\u00f3n de eventos que pueda [&hellip;]\" \/>\n<meta property=\"og:url\" content=\"https:\/\/www.fsjb.org\/web\/?page_id=70\" \/>\n<meta property=\"og:site_name\" content=\"Fundaci&oacute;n San Jos&eacute; Buga\" \/>\n<meta property=\"article:publisher\" content=\"https:\/\/www.facebook.com\/fundacionsanjosebuga\/\" \/>\n<meta property=\"article:modified_time\" content=\"2024-02-20T20:49:45+00:00\" \/>\n<meta name=\"twitter:card\" content=\"summary_large_image\" \/>\n<meta name=\"twitter:label1\" content=\"Tiempo de lectura\" \/>\n\t<meta name=\"twitter:data1\" content=\"1 minuto\" \/>\n<script type=\"application\/ld+json\" class=\"yoast-schema-graph\">{\"@context\":\"https:\\\/\\\/schema.org\",\"@graph\":[{\"@type\":\"WebPage\",\"@id\":\"https:\\\/\\\/www.fsjb.org\\\/web\\\/?page_id=70\",\"url\":\"https:\\\/\\\/www.fsjb.org\\\/web\\\/?page_id=70\",\"name\":\"Pol\u00edtica de Calidad - Fundaci&oacute;n San Jos&eacute; Buga\",\"isPartOf\":{\"@id\":\"https:\\\/\\\/www.fsjb.org\\\/web\\\/#website\"},\"datePublished\":\"2018-05-07T19:22:19+00:00\",\"dateModified\":\"2024-02-20T20:49:45+00:00\",\"breadcrumb\":{\"@id\":\"https:\\\/\\\/www.fsjb.org\\\/web\\\/?page_id=70#breadcrumb\"},\"inLanguage\":\"es\",\"potentialAction\":[{\"@type\":\"ReadAction\",\"target\":[\"https:\\\/\\\/www.fsjb.org\\\/web\\\/?page_id=70\"]}]},{\"@type\":\"BreadcrumbList\",\"@id\":\"https:\\\/\\\/www.fsjb.org\\\/web\\\/?page_id=70#breadcrumb\",\"itemListElement\":[{\"@type\":\"ListItem\",\"position\":1,\"name\":\"Portada\",\"item\":\"https:\\\/\\\/www.fsjb.org\\\/web\\\/\"},{\"@type\":\"ListItem\",\"position\":2,\"name\":\"Pol\u00edtica de Calidad\"}]},{\"@type\":\"WebSite\",\"@id\":\"https:\\\/\\\/www.fsjb.org\\\/web\\\/#website\",\"url\":\"https:\\\/\\\/www.fsjb.org\\\/web\\\/\",\"name\":\"Fundaci\u00f3n San Jos\u00e9 Buga\",\"description\":\"Pagina web\",\"publisher\":{\"@id\":\"https:\\\/\\\/www.fsjb.org\\\/web\\\/#organization\"},\"potentialAction\":[{\"@type\":\"SearchAction\",\"target\":{\"@type\":\"EntryPoint\",\"urlTemplate\":\"https:\\\/\\\/www.fsjb.org\\\/web\\\/?s={search_term_string}\"},\"query-input\":{\"@type\":\"PropertyValueSpecification\",\"valueRequired\":true,\"valueName\":\"search_term_string\"}}],\"inLanguage\":\"es\"},{\"@type\":\"Organization\",\"@id\":\"https:\\\/\\\/www.fsjb.org\\\/web\\\/#organization\",\"name\":\"Fundaci\u00f3n San Jos\u00e9 Buga\",\"url\":\"https:\\\/\\\/www.fsjb.org\\\/web\\\/\",\"logo\":{\"@type\":\"ImageObject\",\"inLanguage\":\"es\",\"@id\":\"https:\\\/\\\/www.fsjb.org\\\/web\\\/#\\\/schema\\\/logo\\\/image\\\/\",\"url\":\"https:\\\/\\\/www.fsjb.org\\\/web\\\/wp-content\\\/uploads\\\/logo-n.png\",\"contentUrl\":\"https:\\\/\\\/www.fsjb.org\\\/web\\\/wp-content\\\/uploads\\\/logo-n.png\",\"width\":208,\"height\":166,\"caption\":\"Fundaci\u00f3n San Jos\u00e9 Buga\"},\"image\":{\"@id\":\"https:\\\/\\\/www.fsjb.org\\\/web\\\/#\\\/schema\\\/logo\\\/image\\\/\"},\"sameAs\":[\"https:\\\/\\\/www.facebook.com\\\/fundacionsanjosebuga\\\/\",\"https:\\\/\\\/co.linkedin.com\\\/company\\\/fsjb\"]}]}<\/script>\n<!-- \/ Yoast SEO plugin. -->","yoast_head_json":{"title":"Pol\u00edtica de Calidad - Fundaci&oacute;n San Jos&eacute; Buga","robots":{"index":"index","follow":"follow","max-snippet":"max-snippet:-1","max-image-preview":"max-image-preview:large","max-video-preview":"max-video-preview:-1"},"canonical":"https:\/\/www.fsjb.org\/web\/?page_id=70","og_locale":"es_ES","og_type":"article","og_title":"Pol\u00edtica de Calidad - Fundaci&oacute;n San Jos&eacute; Buga","og_description":"La Fundaci\u00f3n San Jos\u00e9 de Buga se compromete a generar una cultura orientada a la mejora continua de los procesos, al fortalecimiento de la prestaci\u00f3n de servicios de salud humanizados y seguros de mediana y alta complejidad en el norte y centro del valle del cauca, con un enfoque de prevenci\u00f3n de eventos que pueda [&hellip;]","og_url":"https:\/\/www.fsjb.org\/web\/?page_id=70","og_site_name":"Fundaci&oacute;n San Jos&eacute; Buga","article_publisher":"https:\/\/www.facebook.com\/fundacionsanjosebuga\/","article_modified_time":"2024-02-20T20:49:45+00:00","twitter_card":"summary_large_image","twitter_misc":{"Tiempo de lectura":"1 minuto"},"schema":{"@context":"https:\/\/schema.org","@graph":[{"@type":"WebPage","@id":"https:\/\/www.fsjb.org\/web\/?page_id=70","url":"https:\/\/www.fsjb.org\/web\/?page_id=70","name":"Pol\u00edtica de Calidad - Fundaci&oacute;n San Jos&eacute; Buga","isPartOf":{"@id":"https:\/\/www.fsjb.org\/web\/#website"},"datePublished":"2018-05-07T19:22:19+00:00","dateModified":"2024-02-20T20:49:45+00:00","breadcrumb":{"@id":"https:\/\/www.fsjb.org\/web\/?page_id=70#breadcrumb"},"inLanguage":"es","potentialAction":[{"@type":"ReadAction","target":["https:\/\/www.fsjb.org\/web\/?page_id=70"]}]},{"@type":"BreadcrumbList","@id":"https:\/\/www.fsjb.org\/web\/?page_id=70#breadcrumb","itemListElement":[{"@type":"ListItem","position":1,"name":"Portada","item":"https:\/\/www.fsjb.org\/web\/"},{"@type":"ListItem","position":2,"name":"Pol\u00edtica de Calidad"}]},{"@type":"WebSite","@id":"https:\/\/www.fsjb.org\/web\/#website","url":"https:\/\/www.fsjb.org\/web\/","name":"Fundaci\u00f3n San Jos\u00e9 Buga","description":"Pagina web","publisher":{"@id":"https:\/\/www.fsjb.org\/web\/#organization"},"potentialAction":[{"@type":"SearchAction","target":{"@type":"EntryPoint","urlTemplate":"https:\/\/www.fsjb.org\/web\/?s={search_term_string}"},"query-input":{"@type":"PropertyValueSpecification","valueRequired":true,"valueName":"search_term_string"}}],"inLanguage":"es"},{"@type":"Organization","@id":"https:\/\/www.fsjb.org\/web\/#organization","name":"Fundaci\u00f3n San Jos\u00e9 Buga","url":"https:\/\/www.fsjb.org\/web\/","logo":{"@type":"ImageObject","inLanguage":"es","@id":"https:\/\/www.fsjb.org\/web\/#\/schema\/logo\/image\/","url":"https:\/\/www.fsjb.org\/web\/wp-content\/uploads\/logo-n.png","contentUrl":"https:\/\/www.fsjb.org\/web\/wp-content\/uploads\/logo-n.png","width":208,"height":166,"caption":"Fundaci\u00f3n San Jos\u00e9 Buga"},"image":{"@id":"https:\/\/www.fsjb.org\/web\/#\/schema\/logo\/image\/"},"sameAs":["https:\/\/www.facebook.com\/fundacionsanjosebuga\/","https:\/\/co.linkedin.com\/company\/fsjb"]}]}},"_links":{"self":[{"href":"https:\/\/www.fsjb.org\/web\/index.php?rest_route=\/wp\/v2\/pages\/70","targetHints":{"allow":["GET"]}}],"collection":[{"href":"https:\/\/www.fsjb.org\/web\/index.php?rest_route=\/wp\/v2\/pages"}],"about":[{"href":"https:\/\/www.fsjb.org\/web\/index.php?rest_route=\/wp\/v2\/types\/page"}],"author":[{"embeddable":true,"href":"https:\/\/www.fsjb.org\/web\/index.php?rest_route=\/wp\/v2\/users\/1"}],"replies":[{"embeddable":true,"href":"https:\/\/www.fsjb.org\/web\/index.php?rest_route=%2Fwp%2Fv2%2Fcomments&post=70"}],"version-history":[{"count":0,"href":"https:\/\/www.fsjb.org\/web\/index.php?rest_route=\/wp\/v2\/pages\/70\/revisions"}],"wp:attachment":[{"href":"https:\/\/www.fsjb.org\/web\/index.php?rest_route=%2Fwp%2Fv2%2Fmedia&parent=70"}],"curies":[{"name":"wp","href":"https:\/\/api.w.org\/{rel}","templated":true}]}}