{"id":39,"date":"2018-05-07T19:15:51","date_gmt":"2018-05-07T19:15:51","guid":{"rendered":"http:\/\/localhost\/?page_id=39"},"modified":"2024-11-05T22:32:12","modified_gmt":"2024-11-06T03:32:12","slug":"contactenos","status":"publish","type":"page","link":"https:\/\/www.fsjb.org\/web\/?page_id=39","title":{"rendered":"CONT\u00c1CTANOS"},"content":{"rendered":"\n<div class=\"wp-block-media-text is-stacked-on-mobile is-vertically-aligned-center\" style=\"grid-template-columns:47% auto\"><figure class=\"wp-block-media-text__media\"><img loading=\"lazy\" decoding=\"async\" width=\"712\" height=\"343\" src=\"https:\/\/www.fhsjb.org\/web\/wp-content\/uploads\/buzon-de-sugerencias-sitio-web.png\" alt=\"\" class=\"wp-image-2191 size-full\" srcset=\"https:\/\/www.fsjb.org\/web\/wp-content\/uploads\/buzon-de-sugerencias-sitio-web.png 712w, https:\/\/www.fsjb.org\/web\/wp-content\/uploads\/buzon-de-sugerencias-sitio-web-300x145.png 300w\" sizes=\"auto, (max-width: 712px) 100vw, 712px\" \/><\/figure><div class=\"wp-block-media-text__content\">\n<p class=\"has-text-align-center has-medium-font-size\"><strong>Tu opini\u00f3n es fundamental para nuestros procesos de mejoramiento continuo; si tienes alguna sugerencia o comentario sobre nuestros servicios, no dudes en contactarnos. <\/strong><\/p>\n<\/div><\/div>\n\n\n\n<div class=\"wp-block-buttons is-content-justification-center is-layout-flex wp-container-core-buttons-is-layout-16018d1d wp-block-buttons-is-layout-flex\">\n<div class=\"wp-block-button has-custom-font-size is-style-outline is-style-outline--1\" style=\"font-size:19px\"><a class=\"wp-block-button__link has-white-color has-text-color has-background has-link-color wp-element-button\" href=\"https:\/\/t.almeraim.com\/form?data=eyJhcGlrZXkiOiJGRjk1RkE5MzY4ODBGQUFCRTQzNTY3NkZENDNENDU3OENGMjUyNjI4OThBMjJBNjlGOTBBNDc1NjA5NjE2MjdFIiwiY29ubmVjdGlvbiI6InNnaWZoc2piIiwiZW5kcG9pbnQiOiJodHRwcyUzQSUyRiUyRnNnaS5hbG1lcmFpbS5jb20lMkZzZ2klMkZhcGklMkZ2MiUyRiIsImNvZGUiOiJQUVJGIn0=\" style=\"border-radius:15px;background:linear-gradient(135deg,rgb(2,3,129) 0%,rgb(40,116,252) 74%)\"><strong>Registra tus PQRSF aqu\u00ed<\/strong><\/a><\/div>\n<\/div>\n\n\n\n<p>________________________________________________________________________________________________________________<\/p>\n\n\n\n<div class=\"wp-block-media-text has-media-on-the-right is-stacked-on-mobile has-background\" style=\"background:linear-gradient(74deg,rgb(238,238,238) 0%,rgb(169,184,195) 100%);grid-template-columns:auto 46%\"><div class=\"wp-block-media-text__content\">\n<p><\/p>\n\n\n\n<p class=\"has-black-color has-text-color has-link-color has-medium-font-size wp-elements-81fbce8f347bcfb63b44cf0ceeaefa7f\"><strong>\u00bfDeseas agendar una cita?<\/strong><\/p>\n\n\n\n<p class=\"has-black-color has-text-color has-link-color has-medium-font-size wp-elements-9578cec095f6e27408574bf6437a926d\">La Fundaci\u00f3n San Jos\u00e9 de Buga est\u00e1 habilitando nuevos y variados canales para la solicitud de citas.  Consulta cu\u00e1l es el que mejor funciona para ti y <strong>pide tus citas<\/strong> de forma f\u00e1cil, desde casa y S<strong>IN INTERMEDIARIOS.<\/strong><\/p>\n\n\n\n<div class=\"wp-block-buttons is-layout-flex wp-block-buttons-is-layout-flex\">\n<div class=\"wp-block-button has-custom-font-size is-style-outline has-small-font-size is-style-outline--2\"><a class=\"wp-block-button__link has-white-color has-midnight-gradient-background has-text-color has-background has-link-color wp-element-button\" href=\"https:\/\/wa.link\/kc82cv\" style=\"border-radius:11px\"><strong>Pide tus citas a trav\u00e9s de WhatsApp<\/strong><\/a><\/div>\n<\/div>\n\n\n\n<div class=\"wp-block-buttons is-layout-flex wp-block-buttons-is-layout-flex\">\n<div class=\"wp-block-button has-custom-font-size is-style-outline has-small-font-size is-style-outline--3\"><a class=\"wp-block-button__link has-white-color has-midnight-gradient-background has-text-color has-background has-link-color wp-element-button\" href=\"https:\/\/forms.gle\/FeBFGciXNtwRuLK38\" style=\"border-radius:11px\"><strong>Pide tus citas a trav\u00e9s de Formulario<\/strong><\/a><\/div>\n<\/div>\n<\/div><figure class=\"wp-block-media-text__media\"><img loading=\"lazy\" decoding=\"async\" width=\"626\" height=\"304\" src=\"https:\/\/www.fhsjb.org\/web\/wp-content\/uploads\/imagen-final-web.png\" alt=\"\" class=\"wp-image-2072 size-full\" srcset=\"https:\/\/www.fsjb.org\/web\/wp-content\/uploads\/imagen-final-web.png 626w, https:\/\/www.fsjb.org\/web\/wp-content\/uploads\/imagen-final-web-300x146.png 300w\" sizes=\"auto, (max-width: 626px) 100vw, 626px\" \/><\/figure><\/div>\n\n\n\n<p><\/p>\n\n\n\n<p class=\"has-text-align-center has-black-color has-white-background-color has-text-color has-background has-link-color has-medium-font-size wp-elements-9ac89a75b54a2caf342bf3a4947aa538\"><strong>OTROS CONTACTOS DE INTER\u00c9S PARA LA COMUNIDAD<\/strong><\/p>\n\n\n\n<figure class=\"wp-block-table is-style-stripes has-medium-font-size\"><table class=\"has-black-color has-text-color has-link-color has-fixed-layout\"><tbody><tr><td><strong>Notificaciones y requerimientos legales:<\/strong><br>Correo: juridico@fsjb.org &#8211; asisjuridico@fsjb.org<br>con copia a gestiondocumental@fsjb.org<br><br><strong>Nota: <\/strong>Solo es posible garantizar respuesta oportuna a requerimientos legales si son radicados de conformidad con lo expuesto en esta comunicaci\u00f3n.<\/td><\/tr><tr><td><strong>Solicitud de historias cl\u00ednicas<\/strong><br>Correo: estadistica@fsjb.org<\/td><\/tr><tr><td><strong>\u00c1rea de Mercadeo y Comunicaciones<\/strong><br>correo: comunicaciones@fsjb.org<\/td><\/tr><tr><td><strong>Presencial Oficina Experiencia del Usuario<\/strong><br>Lunes a viernes de 7:00a.m. a 12:30 p.m. y de 1:30a 5:00p.m. <br>S\u00e1bados: 9:00a.m. a 1:00p.m.<\/td><\/tr><tr><td><strong>Conmutador telef\u00f3nico:<\/strong><br>Tel: (602) 236 10 00 &#8211; 317 580 96 71<\/td><\/tr><\/tbody><\/table><\/figure>\n\n\n\n<p><\/p>\n ","protected":false},"excerpt":{"rendered":"<p>Tu opini\u00f3n es fundamental para nuestros procesos de mejoramiento continuo; si tienes alguna sugerencia o comentario sobre nuestros servicios, no dudes en contactarnos. ________________________________________________________________________________________________________________ OTROS CONTACTOS DE INTER\u00c9S PARA LA COMUNIDAD Notificaciones y requerimientos legales:Correo: juridico@fsjb.org &#8211; asisjuridico@fsjb.orgcon copia a gestiondocumental@fsjb.org Nota: Solo es posible garantizar respuesta oportuna a requerimientos legales si son radicados de [&hellip;]<\/p>\n","protected":false},"author":1,"featured_media":0,"parent":0,"menu_order":0,"comment_status":"closed","ping_status":"closed","template":"","meta":{"_cbd_carousel_blocks":"[]","footnotes":""},"class_list":["post-39","page","type-page","status-publish","hentry"],"yoast_head":"<!-- This site is optimized with the Yoast SEO plugin v27.5 - https:\/\/yoast.com\/product\/yoast-seo-wordpress\/ -->\n<title>CONT\u00c1CTANOS - Fundaci&oacute;n San Jos&eacute; Buga<\/title>\n<meta name=\"robots\" content=\"index, follow, max-snippet:-1, max-image-preview:large, max-video-preview:-1\" \/>\n<link rel=\"canonical\" href=\"https:\/\/www.fsjb.org\/web\/?page_id=39\" \/>\n<meta property=\"og:locale\" content=\"es_ES\" \/>\n<meta property=\"og:type\" content=\"article\" \/>\n<meta property=\"og:title\" content=\"CONT\u00c1CTANOS - Fundaci&oacute;n San Jos&eacute; Buga\" \/>\n<meta property=\"og:description\" content=\"Tu opini\u00f3n es fundamental para nuestros procesos de mejoramiento continuo; si tienes alguna sugerencia o comentario sobre nuestros servicios, no dudes en contactarnos. ________________________________________________________________________________________________________________ OTROS CONTACTOS DE INTER\u00c9S PARA LA COMUNIDAD Notificaciones y requerimientos legales:Correo: juridico@fsjb.org &#8211; asisjuridico@fsjb.orgcon copia a gestiondocumental@fsjb.org Nota: Solo es posible garantizar respuesta oportuna a requerimientos legales si son radicados de [&hellip;]\" \/>\n<meta property=\"og:url\" content=\"https:\/\/www.fsjb.org\/web\/?page_id=39\" \/>\n<meta property=\"og:site_name\" content=\"Fundaci&oacute;n San Jos&eacute; Buga\" \/>\n<meta property=\"article:publisher\" content=\"https:\/\/www.facebook.com\/fundacionsanjosebuga\/\" \/>\n<meta property=\"article:modified_time\" content=\"2024-11-06T03:32:12+00:00\" \/>\n<meta property=\"og:image\" content=\"https:\/\/www.fsjb.org\/web\/wp-content\/uploads\/buzon-de-sugerencias-sitio-web.png\" \/>\n\t<meta property=\"og:image:width\" content=\"712\" \/>\n\t<meta property=\"og:image:height\" content=\"343\" \/>\n\t<meta property=\"og:image:type\" content=\"image\/png\" \/>\n<meta name=\"twitter:card\" content=\"summary_large_image\" \/>\n<meta name=\"twitter:label1\" content=\"Tiempo de lectura\" \/>\n\t<meta name=\"twitter:data1\" content=\"2 minutos\" \/>\n<script type=\"application\/ld+json\" class=\"yoast-schema-graph\">{\"@context\":\"https:\\\/\\\/schema.org\",\"@graph\":[{\"@type\":\"WebPage\",\"@id\":\"https:\\\/\\\/www.fsjb.org\\\/web\\\/?page_id=39\",\"url\":\"https:\\\/\\\/www.fsjb.org\\\/web\\\/?page_id=39\",\"name\":\"CONT\u00c1CTANOS - Fundaci&oacute;n San Jos&eacute; Buga\",\"isPartOf\":{\"@id\":\"https:\\\/\\\/www.fsjb.org\\\/web\\\/#website\"},\"primaryImageOfPage\":{\"@id\":\"https:\\\/\\\/www.fsjb.org\\\/web\\\/?page_id=39#primaryimage\"},\"image\":{\"@id\":\"https:\\\/\\\/www.fsjb.org\\\/web\\\/?page_id=39#primaryimage\"},\"thumbnailUrl\":\"https:\\\/\\\/www.fhsjb.org\\\/web\\\/wp-content\\\/uploads\\\/buzon-de-sugerencias-sitio-web.png\",\"datePublished\":\"2018-05-07T19:15:51+00:00\",\"dateModified\":\"2024-11-06T03:32:12+00:00\",\"breadcrumb\":{\"@id\":\"https:\\\/\\\/www.fsjb.org\\\/web\\\/?page_id=39#breadcrumb\"},\"inLanguage\":\"es\",\"potentialAction\":[{\"@type\":\"ReadAction\",\"target\":[\"https:\\\/\\\/www.fsjb.org\\\/web\\\/?page_id=39\"]}]},{\"@type\":\"ImageObject\",\"inLanguage\":\"es\",\"@id\":\"https:\\\/\\\/www.fsjb.org\\\/web\\\/?page_id=39#primaryimage\",\"url\":\"https:\\\/\\\/www.fhsjb.org\\\/web\\\/wp-content\\\/uploads\\\/buzon-de-sugerencias-sitio-web.png\",\"contentUrl\":\"https:\\\/\\\/www.fhsjb.org\\\/web\\\/wp-content\\\/uploads\\\/buzon-de-sugerencias-sitio-web.png\"},{\"@type\":\"BreadcrumbList\",\"@id\":\"https:\\\/\\\/www.fsjb.org\\\/web\\\/?page_id=39#breadcrumb\",\"itemListElement\":[{\"@type\":\"ListItem\",\"position\":1,\"name\":\"Portada\",\"item\":\"https:\\\/\\\/www.fsjb.org\\\/web\\\/\"},{\"@type\":\"ListItem\",\"position\":2,\"name\":\"CONT\u00c1CTANOS\"}]},{\"@type\":\"WebSite\",\"@id\":\"https:\\\/\\\/www.fsjb.org\\\/web\\\/#website\",\"url\":\"https:\\\/\\\/www.fsjb.org\\\/web\\\/\",\"name\":\"Fundaci\u00f3n San Jos\u00e9 Buga\",\"description\":\"Pagina web\",\"publisher\":{\"@id\":\"https:\\\/\\\/www.fsjb.org\\\/web\\\/#organization\"},\"potentialAction\":[{\"@type\":\"SearchAction\",\"target\":{\"@type\":\"EntryPoint\",\"urlTemplate\":\"https:\\\/\\\/www.fsjb.org\\\/web\\\/?s={search_term_string}\"},\"query-input\":{\"@type\":\"PropertyValueSpecification\",\"valueRequired\":true,\"valueName\":\"search_term_string\"}}],\"inLanguage\":\"es\"},{\"@type\":\"Organization\",\"@id\":\"https:\\\/\\\/www.fsjb.org\\\/web\\\/#organization\",\"name\":\"Fundaci\u00f3n San Jos\u00e9 Buga\",\"url\":\"https:\\\/\\\/www.fsjb.org\\\/web\\\/\",\"logo\":{\"@type\":\"ImageObject\",\"inLanguage\":\"es\",\"@id\":\"https:\\\/\\\/www.fsjb.org\\\/web\\\/#\\\/schema\\\/logo\\\/image\\\/\",\"url\":\"https:\\\/\\\/www.fsjb.org\\\/web\\\/wp-content\\\/uploads\\\/logo-n.png\",\"contentUrl\":\"https:\\\/\\\/www.fsjb.org\\\/web\\\/wp-content\\\/uploads\\\/logo-n.png\",\"width\":208,\"height\":166,\"caption\":\"Fundaci\u00f3n San Jos\u00e9 Buga\"},\"image\":{\"@id\":\"https:\\\/\\\/www.fsjb.org\\\/web\\\/#\\\/schema\\\/logo\\\/image\\\/\"},\"sameAs\":[\"https:\\\/\\\/www.facebook.com\\\/fundacionsanjosebuga\\\/\",\"https:\\\/\\\/co.linkedin.com\\\/company\\\/fsjb\"]}]}<\/script>\n<!-- \/ Yoast SEO plugin. -->","yoast_head_json":{"title":"CONT\u00c1CTANOS - Fundaci&oacute;n San Jos&eacute; Buga","robots":{"index":"index","follow":"follow","max-snippet":"max-snippet:-1","max-image-preview":"max-image-preview:large","max-video-preview":"max-video-preview:-1"},"canonical":"https:\/\/www.fsjb.org\/web\/?page_id=39","og_locale":"es_ES","og_type":"article","og_title":"CONT\u00c1CTANOS - Fundaci&oacute;n San Jos&eacute; Buga","og_description":"Tu opini\u00f3n es fundamental para nuestros procesos de mejoramiento continuo; si tienes alguna sugerencia o comentario sobre nuestros servicios, no dudes en contactarnos. ________________________________________________________________________________________________________________ OTROS CONTACTOS DE INTER\u00c9S PARA LA COMUNIDAD Notificaciones y requerimientos legales:Correo: juridico@fsjb.org &#8211; asisjuridico@fsjb.orgcon copia a gestiondocumental@fsjb.org Nota: Solo es posible garantizar respuesta oportuna a requerimientos legales si son radicados de [&hellip;]","og_url":"https:\/\/www.fsjb.org\/web\/?page_id=39","og_site_name":"Fundaci&oacute;n San Jos&eacute; Buga","article_publisher":"https:\/\/www.facebook.com\/fundacionsanjosebuga\/","article_modified_time":"2024-11-06T03:32:12+00:00","og_image":[{"width":712,"height":343,"url":"https:\/\/www.fsjb.org\/web\/wp-content\/uploads\/buzon-de-sugerencias-sitio-web.png","type":"image\/png"}],"twitter_card":"summary_large_image","twitter_misc":{"Tiempo de lectura":"2 minutos"},"schema":{"@context":"https:\/\/schema.org","@graph":[{"@type":"WebPage","@id":"https:\/\/www.fsjb.org\/web\/?page_id=39","url":"https:\/\/www.fsjb.org\/web\/?page_id=39","name":"CONT\u00c1CTANOS - Fundaci&oacute;n San Jos&eacute; Buga","isPartOf":{"@id":"https:\/\/www.fsjb.org\/web\/#website"},"primaryImageOfPage":{"@id":"https:\/\/www.fsjb.org\/web\/?page_id=39#primaryimage"},"image":{"@id":"https:\/\/www.fsjb.org\/web\/?page_id=39#primaryimage"},"thumbnailUrl":"https:\/\/www.fhsjb.org\/web\/wp-content\/uploads\/buzon-de-sugerencias-sitio-web.png","datePublished":"2018-05-07T19:15:51+00:00","dateModified":"2024-11-06T03:32:12+00:00","breadcrumb":{"@id":"https:\/\/www.fsjb.org\/web\/?page_id=39#breadcrumb"},"inLanguage":"es","potentialAction":[{"@type":"ReadAction","target":["https:\/\/www.fsjb.org\/web\/?page_id=39"]}]},{"@type":"ImageObject","inLanguage":"es","@id":"https:\/\/www.fsjb.org\/web\/?page_id=39#primaryimage","url":"https:\/\/www.fhsjb.org\/web\/wp-content\/uploads\/buzon-de-sugerencias-sitio-web.png","contentUrl":"https:\/\/www.fhsjb.org\/web\/wp-content\/uploads\/buzon-de-sugerencias-sitio-web.png"},{"@type":"BreadcrumbList","@id":"https:\/\/www.fsjb.org\/web\/?page_id=39#breadcrumb","itemListElement":[{"@type":"ListItem","position":1,"name":"Portada","item":"https:\/\/www.fsjb.org\/web\/"},{"@type":"ListItem","position":2,"name":"CONT\u00c1CTANOS"}]},{"@type":"WebSite","@id":"https:\/\/www.fsjb.org\/web\/#website","url":"https:\/\/www.fsjb.org\/web\/","name":"Fundaci\u00f3n San Jos\u00e9 Buga","description":"Pagina web","publisher":{"@id":"https:\/\/www.fsjb.org\/web\/#organization"},"potentialAction":[{"@type":"SearchAction","target":{"@type":"EntryPoint","urlTemplate":"https:\/\/www.fsjb.org\/web\/?s={search_term_string}"},"query-input":{"@type":"PropertyValueSpecification","valueRequired":true,"valueName":"search_term_string"}}],"inLanguage":"es"},{"@type":"Organization","@id":"https:\/\/www.fsjb.org\/web\/#organization","name":"Fundaci\u00f3n San Jos\u00e9 Buga","url":"https:\/\/www.fsjb.org\/web\/","logo":{"@type":"ImageObject","inLanguage":"es","@id":"https:\/\/www.fsjb.org\/web\/#\/schema\/logo\/image\/","url":"https:\/\/www.fsjb.org\/web\/wp-content\/uploads\/logo-n.png","contentUrl":"https:\/\/www.fsjb.org\/web\/wp-content\/uploads\/logo-n.png","width":208,"height":166,"caption":"Fundaci\u00f3n San Jos\u00e9 Buga"},"image":{"@id":"https:\/\/www.fsjb.org\/web\/#\/schema\/logo\/image\/"},"sameAs":["https:\/\/www.facebook.com\/fundacionsanjosebuga\/","https:\/\/co.linkedin.com\/company\/fsjb"]}]}},"_links":{"self":[{"href":"https:\/\/www.fsjb.org\/web\/index.php?rest_route=\/wp\/v2\/pages\/39","targetHints":{"allow":["GET"]}}],"collection":[{"href":"https:\/\/www.fsjb.org\/web\/index.php?rest_route=\/wp\/v2\/pages"}],"about":[{"href":"https:\/\/www.fsjb.org\/web\/index.php?rest_route=\/wp\/v2\/types\/page"}],"author":[{"embeddable":true,"href":"https:\/\/www.fsjb.org\/web\/index.php?rest_route=\/wp\/v2\/users\/1"}],"replies":[{"embeddable":true,"href":"https:\/\/www.fsjb.org\/web\/index.php?rest_route=%2Fwp%2Fv2%2Fcomments&post=39"}],"version-history":[{"count":0,"href":"https:\/\/www.fsjb.org\/web\/index.php?rest_route=\/wp\/v2\/pages\/39\/revisions"}],"wp:attachment":[{"href":"https:\/\/www.fsjb.org\/web\/index.php?rest_route=%2Fwp%2Fv2%2Fmedia&parent=39"}],"curies":[{"name":"wp","href":"https:\/\/api.w.org\/{rel}","templated":true}]}}