{"id":35,"date":"2019-03-29T17:36:50","date_gmt":"2019-03-29T17:36:50","guid":{"rendered":"http:\/\/localhost\/?page_id=35"},"modified":"2026-04-08T09:21:51","modified_gmt":"2026-04-08T14:21:51","slug":"actualizacion-r-t-e","status":"publish","type":"page","link":"https:\/\/www.fsjb.org\/web\/?page_id=35","title":{"rendered":"Actualizacion R.T.E"},"content":{"rendered":"<p><span style=\"color: #000000;\"><strong>R.T.E. DIAN<\/strong><\/span><\/p>\n<p><span style=\"color: #000000;\">De acuerdo con el Decreto 2150, articulo 1.2.1.5.1.5, los sujetos obligados al registro web para el tr\u00e1mite de solicitud de permanencia en el R\u00e9gimen Tributario Especial, como es el caso de la Fundaci\u00f3n Hospital San Jose de Buga, deber\u00e1n publicar en su p\u00e1gina web por el termino de 10 d\u00edas calendario y simult\u00e1neamente a la publicaci\u00f3n que realice la Unidad Administrativa Especial Direcci\u00f3n de Impuestos y Aduanas Nacionales (DIAN), la informaci\u00f3n y sus anexos con el fin de garantizar la participaci\u00f3n de la sociedad civil a trav\u00e9s de los comentarios que se consideren pertinentes.<\/span><\/p>\n<p><span style=\"color: #000000;\">Los contribuyentes que opten por continuar en el RTE del impuesto sobre la renta y complementario, deber\u00e1n enviar la informaci\u00f3n del registro web establecido en el art\u00edculo 1.2.1.5.1.3 del Decreto \u00danico Reglamentario en Materia Tributaria &#8211; DUR No. 1625 de 2016.<\/span><\/p>\n<p><span style=\"color: #000000;\">Tal como lo establece en el art\u00edculo 1.2.1.5.1.9 del mencionado decreto, en el proceso de actualizaci\u00f3n deber\u00e1n adjuntar la informaci\u00f3n<\/span><\/p>\n<ul>\n<li><a href=\"https:\/\/www.fsjb.org\/web\/wp-content\/uploads\/Regimen-Tributario-Especial-ano-2025.pdf\">Regim\u00e9n tributario Especial a\u00f1o 2025<\/a><\/li>\n<li><a href=\"https:\/\/www.fsjb.org\/web\/wp-content\/uploads\/Certificado-de-Existencia-y-Representacion-Legal-2.pdf\">Certificado de Existencia y Representaci\u00f3n Legal<\/a><\/li>\n<li><a href=\"https:\/\/www.fsjb.org\/web\/wp-content\/uploads\/INFORME-DE-GESTION-2025.pdf\" target=\"_blank\" rel=\"noopener\">Informe de gesti\u00f3n 2025<\/a><\/li>\n<li><a href=\"https:\/\/www.fsjb.org\/web\/wp-content\/uploads\/Estados-financieros-ano-2025-Fsjb.pdf\" target=\"_blank\" rel=\"noopener\">Estados financieros 2025<\/a><\/li>\n<li><a href=\"https:\/\/www.fsjb.org\/web\/wp-content\/uploads\/Memoria-Economica-ano-2024.pdf\">Memoria Econ\u00f3mica 2024<\/a><\/li>\n<li><a href=\"https:\/\/www.fsjb.org\/web\/wp-content\/uploads\/Certificacion-de-Requisitos-del-representante-legal-y-Reinversion-de-Excedentes-1.pdf\">Certificaci\u00f3n de Requisitos del representante legal y Reinversi\u00f3n de Excedentes<\/a><\/li>\n<li><a href=\"https:\/\/www.fsjb.org\/web\/wp-content\/uploads\/Estatutos-de-la-Entidad.pdf\">Copia de los estatutos de la entidad<\/a><\/li>\n<li><a href=\"https:\/\/www.fsjb.org\/web\/wp-content\/uploads\/Certificacion-del-Representante-Legal-de-los-antecedentes-judiciales-y-de-declaraciones-de-caducidad-1.pdf\">Certificaci\u00f3n del Representante Legal de los antecedentes judiciales y de declaraciones de caducidad.<\/a><\/li>\n<li><a href=\"https:\/\/www.fsjb.org\/web\/wp-content\/uploads\/Certificacion-de-cargos-directivos-3.pdf\">Certificaci\u00f3n de cargos directivos<\/a><\/li>\n<\/ul>\n<p><span style=\"color: #000000;\">Si tiene alguna sugerencia \u00f3\u00a0duda puede contactarnos al correo electr\u00f3nico\u00a0contabilidad@fsjb.org, pronto recibir\u00e1 su respuesta por parte las personas encargadas.<\/span><\/p>\n<p>&nbsp;<\/p>\n ","protected":false},"excerpt":{"rendered":"<p>R.T.E. DIAN De acuerdo con el Decreto 2150, articulo 1.2.1.5.1.5, los sujetos obligados al registro web para el tr\u00e1mite de solicitud de permanencia en el R\u00e9gimen Tributario Especial, como es el caso de la Fundaci\u00f3n Hospital San Jose de Buga, deber\u00e1n publicar en su p\u00e1gina web por el termino de 10 d\u00edas calendario y simult\u00e1neamente [&hellip;]<\/p>\n","protected":false},"author":1,"featured_media":0,"parent":0,"menu_order":0,"comment_status":"closed","ping_status":"closed","template":"","meta":{"_cbd_carousel_blocks":"[]","footnotes":""},"class_list":["post-35","page","type-page","status-publish","hentry"],"yoast_head":"<!-- This site is optimized with the Yoast SEO plugin v27.5 - https:\/\/yoast.com\/product\/yoast-seo-wordpress\/ -->\n<title>Actualizacion R.T.E - Fundaci&oacute;n San Jos&eacute; Buga<\/title>\n<meta name=\"robots\" content=\"index, follow, max-snippet:-1, max-image-preview:large, max-video-preview:-1\" \/>\n<link rel=\"canonical\" href=\"https:\/\/www.fsjb.org\/web\/?page_id=35\" \/>\n<meta property=\"og:locale\" content=\"es_ES\" \/>\n<meta property=\"og:type\" content=\"article\" \/>\n<meta property=\"og:title\" content=\"Actualizacion R.T.E - Fundaci&oacute;n San Jos&eacute; Buga\" \/>\n<meta property=\"og:description\" content=\"R.T.E. DIAN De acuerdo con el Decreto 2150, articulo 1.2.1.5.1.5, los sujetos obligados al registro web para el tr\u00e1mite de solicitud de permanencia en el R\u00e9gimen Tributario Especial, como es el caso de la Fundaci\u00f3n Hospital San Jose de Buga, deber\u00e1n publicar en su p\u00e1gina web por el termino de 10 d\u00edas calendario y simult\u00e1neamente [&hellip;]\" \/>\n<meta property=\"og:url\" content=\"https:\/\/www.fsjb.org\/web\/?page_id=35\" \/>\n<meta property=\"og:site_name\" content=\"Fundaci&oacute;n San Jos&eacute; Buga\" \/>\n<meta property=\"article:publisher\" content=\"https:\/\/www.facebook.com\/fundacionsanjosebuga\/\" \/>\n<meta property=\"article:modified_time\" content=\"2026-04-08T14:21:51+00:00\" \/>\n<meta name=\"twitter:card\" content=\"summary_large_image\" \/>\n<meta name=\"twitter:label1\" content=\"Tiempo de lectura\" \/>\n\t<meta name=\"twitter:data1\" content=\"2 minutos\" \/>\n<script type=\"application\/ld+json\" class=\"yoast-schema-graph\">{\"@context\":\"https:\\\/\\\/schema.org\",\"@graph\":[{\"@type\":\"WebPage\",\"@id\":\"https:\\\/\\\/www.fsjb.org\\\/web\\\/?page_id=35\",\"url\":\"https:\\\/\\\/www.fsjb.org\\\/web\\\/?page_id=35\",\"name\":\"Actualizacion R.T.E - Fundaci&oacute;n San Jos&eacute; Buga\",\"isPartOf\":{\"@id\":\"https:\\\/\\\/www.fsjb.org\\\/web\\\/#website\"},\"datePublished\":\"2019-03-29T17:36:50+00:00\",\"dateModified\":\"2026-04-08T14:21:51+00:00\",\"breadcrumb\":{\"@id\":\"https:\\\/\\\/www.fsjb.org\\\/web\\\/?page_id=35#breadcrumb\"},\"inLanguage\":\"es\",\"potentialAction\":[{\"@type\":\"ReadAction\",\"target\":[\"https:\\\/\\\/www.fsjb.org\\\/web\\\/?page_id=35\"]}]},{\"@type\":\"BreadcrumbList\",\"@id\":\"https:\\\/\\\/www.fsjb.org\\\/web\\\/?page_id=35#breadcrumb\",\"itemListElement\":[{\"@type\":\"ListItem\",\"position\":1,\"name\":\"Portada\",\"item\":\"https:\\\/\\\/www.fsjb.org\\\/web\\\/\"},{\"@type\":\"ListItem\",\"position\":2,\"name\":\"Actualizacion R.T.E\"}]},{\"@type\":\"WebSite\",\"@id\":\"https:\\\/\\\/www.fsjb.org\\\/web\\\/#website\",\"url\":\"https:\\\/\\\/www.fsjb.org\\\/web\\\/\",\"name\":\"Fundaci\u00f3n San Jos\u00e9 Buga\",\"description\":\"Pagina web\",\"publisher\":{\"@id\":\"https:\\\/\\\/www.fsjb.org\\\/web\\\/#organization\"},\"potentialAction\":[{\"@type\":\"SearchAction\",\"target\":{\"@type\":\"EntryPoint\",\"urlTemplate\":\"https:\\\/\\\/www.fsjb.org\\\/web\\\/?s={search_term_string}\"},\"query-input\":{\"@type\":\"PropertyValueSpecification\",\"valueRequired\":true,\"valueName\":\"search_term_string\"}}],\"inLanguage\":\"es\"},{\"@type\":\"Organization\",\"@id\":\"https:\\\/\\\/www.fsjb.org\\\/web\\\/#organization\",\"name\":\"Fundaci\u00f3n San Jos\u00e9 Buga\",\"url\":\"https:\\\/\\\/www.fsjb.org\\\/web\\\/\",\"logo\":{\"@type\":\"ImageObject\",\"inLanguage\":\"es\",\"@id\":\"https:\\\/\\\/www.fsjb.org\\\/web\\\/#\\\/schema\\\/logo\\\/image\\\/\",\"url\":\"https:\\\/\\\/www.fsjb.org\\\/web\\\/wp-content\\\/uploads\\\/logo-n.png\",\"contentUrl\":\"https:\\\/\\\/www.fsjb.org\\\/web\\\/wp-content\\\/uploads\\\/logo-n.png\",\"width\":208,\"height\":166,\"caption\":\"Fundaci\u00f3n San Jos\u00e9 Buga\"},\"image\":{\"@id\":\"https:\\\/\\\/www.fsjb.org\\\/web\\\/#\\\/schema\\\/logo\\\/image\\\/\"},\"sameAs\":[\"https:\\\/\\\/www.facebook.com\\\/fundacionsanjosebuga\\\/\",\"https:\\\/\\\/co.linkedin.com\\\/company\\\/fsjb\"]}]}<\/script>\n<!-- \/ Yoast SEO plugin. -->","yoast_head_json":{"title":"Actualizacion R.T.E - Fundaci&oacute;n San Jos&eacute; Buga","robots":{"index":"index","follow":"follow","max-snippet":"max-snippet:-1","max-image-preview":"max-image-preview:large","max-video-preview":"max-video-preview:-1"},"canonical":"https:\/\/www.fsjb.org\/web\/?page_id=35","og_locale":"es_ES","og_type":"article","og_title":"Actualizacion R.T.E - Fundaci&oacute;n San Jos&eacute; Buga","og_description":"R.T.E. DIAN De acuerdo con el Decreto 2150, articulo 1.2.1.5.1.5, los sujetos obligados al registro web para el tr\u00e1mite de solicitud de permanencia en el R\u00e9gimen Tributario Especial, como es el caso de la Fundaci\u00f3n Hospital San Jose de Buga, deber\u00e1n publicar en su p\u00e1gina web por el termino de 10 d\u00edas calendario y simult\u00e1neamente [&hellip;]","og_url":"https:\/\/www.fsjb.org\/web\/?page_id=35","og_site_name":"Fundaci&oacute;n San Jos&eacute; Buga","article_publisher":"https:\/\/www.facebook.com\/fundacionsanjosebuga\/","article_modified_time":"2026-04-08T14:21:51+00:00","twitter_card":"summary_large_image","twitter_misc":{"Tiempo de lectura":"2 minutos"},"schema":{"@context":"https:\/\/schema.org","@graph":[{"@type":"WebPage","@id":"https:\/\/www.fsjb.org\/web\/?page_id=35","url":"https:\/\/www.fsjb.org\/web\/?page_id=35","name":"Actualizacion R.T.E - Fundaci&oacute;n San Jos&eacute; Buga","isPartOf":{"@id":"https:\/\/www.fsjb.org\/web\/#website"},"datePublished":"2019-03-29T17:36:50+00:00","dateModified":"2026-04-08T14:21:51+00:00","breadcrumb":{"@id":"https:\/\/www.fsjb.org\/web\/?page_id=35#breadcrumb"},"inLanguage":"es","potentialAction":[{"@type":"ReadAction","target":["https:\/\/www.fsjb.org\/web\/?page_id=35"]}]},{"@type":"BreadcrumbList","@id":"https:\/\/www.fsjb.org\/web\/?page_id=35#breadcrumb","itemListElement":[{"@type":"ListItem","position":1,"name":"Portada","item":"https:\/\/www.fsjb.org\/web\/"},{"@type":"ListItem","position":2,"name":"Actualizacion R.T.E"}]},{"@type":"WebSite","@id":"https:\/\/www.fsjb.org\/web\/#website","url":"https:\/\/www.fsjb.org\/web\/","name":"Fundaci\u00f3n San Jos\u00e9 Buga","description":"Pagina web","publisher":{"@id":"https:\/\/www.fsjb.org\/web\/#organization"},"potentialAction":[{"@type":"SearchAction","target":{"@type":"EntryPoint","urlTemplate":"https:\/\/www.fsjb.org\/web\/?s={search_term_string}"},"query-input":{"@type":"PropertyValueSpecification","valueRequired":true,"valueName":"search_term_string"}}],"inLanguage":"es"},{"@type":"Organization","@id":"https:\/\/www.fsjb.org\/web\/#organization","name":"Fundaci\u00f3n San Jos\u00e9 Buga","url":"https:\/\/www.fsjb.org\/web\/","logo":{"@type":"ImageObject","inLanguage":"es","@id":"https:\/\/www.fsjb.org\/web\/#\/schema\/logo\/image\/","url":"https:\/\/www.fsjb.org\/web\/wp-content\/uploads\/logo-n.png","contentUrl":"https:\/\/www.fsjb.org\/web\/wp-content\/uploads\/logo-n.png","width":208,"height":166,"caption":"Fundaci\u00f3n San Jos\u00e9 Buga"},"image":{"@id":"https:\/\/www.fsjb.org\/web\/#\/schema\/logo\/image\/"},"sameAs":["https:\/\/www.facebook.com\/fundacionsanjosebuga\/","https:\/\/co.linkedin.com\/company\/fsjb"]}]}},"_links":{"self":[{"href":"https:\/\/www.fsjb.org\/web\/index.php?rest_route=\/wp\/v2\/pages\/35","targetHints":{"allow":["GET"]}}],"collection":[{"href":"https:\/\/www.fsjb.org\/web\/index.php?rest_route=\/wp\/v2\/pages"}],"about":[{"href":"https:\/\/www.fsjb.org\/web\/index.php?rest_route=\/wp\/v2\/types\/page"}],"author":[{"embeddable":true,"href":"https:\/\/www.fsjb.org\/web\/index.php?rest_route=\/wp\/v2\/users\/1"}],"replies":[{"embeddable":true,"href":"https:\/\/www.fsjb.org\/web\/index.php?rest_route=%2Fwp%2Fv2%2Fcomments&post=35"}],"version-history":[{"count":0,"href":"https:\/\/www.fsjb.org\/web\/index.php?rest_route=\/wp\/v2\/pages\/35\/revisions"}],"wp:attachment":[{"href":"https:\/\/www.fsjb.org\/web\/index.php?rest_route=%2Fwp%2Fv2%2Fmedia&parent=35"}],"curies":[{"name":"wp","href":"https:\/\/api.w.org\/{rel}","templated":true}]}}