{"id":2098,"date":"2024-02-23T06:58:39","date_gmt":"2024-02-23T11:58:39","guid":{"rendered":"https:\/\/www.fhsjb.org\/web\/?page_id=2098"},"modified":"2025-11-14T14:12:24","modified_gmt":"2025-11-14T19:12:24","slug":"mapa-de-procesos","status":"publish","type":"page","link":"https:\/\/www.fsjb.org\/web\/?page_id=2098","title":{"rendered":"MAPA DE PROCESOS"},"content":{"rendered":"\n<h2 class=\"wp-block-heading has-text-align-center\">En la Fundaci\u00f3n San Jos\u00e9 de Buga contamos con un mapa de procesos establecido, con\u00f3celo e identifica a qu\u00e9 tipo de proceso perteneces.<\/h2>\n\n\n\n<figure class=\"wp-block-image size-large\"><img loading=\"lazy\" decoding=\"async\" width=\"1024\" height=\"631\" src=\"https:\/\/www.fsjb.org\/web\/wp-content\/uploads\/WhatsApp-Image-2025-11-14-at-2.11.03-PM-1-1024x631.jpeg\" alt=\"\" class=\"wp-image-2345\" srcset=\"https:\/\/www.fsjb.org\/web\/wp-content\/uploads\/WhatsApp-Image-2025-11-14-at-2.11.03-PM-1-1024x631.jpeg 1024w, https:\/\/www.fsjb.org\/web\/wp-content\/uploads\/WhatsApp-Image-2025-11-14-at-2.11.03-PM-1-300x185.jpeg 300w, https:\/\/www.fsjb.org\/web\/wp-content\/uploads\/WhatsApp-Image-2025-11-14-at-2.11.03-PM-1-768x473.jpeg 768w, https:\/\/www.fsjb.org\/web\/wp-content\/uploads\/WhatsApp-Image-2025-11-14-at-2.11.03-PM-1-1536x947.jpeg 1536w, https:\/\/www.fsjb.org\/web\/wp-content\/uploads\/WhatsApp-Image-2025-11-14-at-2.11.03-PM-1-2048x1262.jpeg 2048w\" sizes=\"auto, (max-width: 1024px) 100vw, 1024px\" \/><\/figure>\n\n\n\n<h2 class=\"wp-block-heading has-text-align-center\">Conoce tambi\u00e9n los Objetivos Estrat\u00e9gicos en los cuales debe estar orientada nuestra gesti\u00f3n institucional<\/h2>\n\n\n<div class=\"wp-block-image\">\n<figure class=\"aligncenter size-full is-resized\"><img loading=\"lazy\" decoding=\"async\" width=\"1600\" height=\"1131\" src=\"https:\/\/www.fsjb.org\/web\/wp-content\/uploads\/WhatsApp-Image-2025-11-14-at-9.09.03-AM-1.jpeg\" alt=\"\" class=\"wp-image-2342\" style=\"aspect-ratio:1;width:815px;height:auto\" srcset=\"https:\/\/www.fsjb.org\/web\/wp-content\/uploads\/WhatsApp-Image-2025-11-14-at-9.09.03-AM-1.jpeg 1600w, https:\/\/www.fsjb.org\/web\/wp-content\/uploads\/WhatsApp-Image-2025-11-14-at-9.09.03-AM-1-300x212.jpeg 300w, https:\/\/www.fsjb.org\/web\/wp-content\/uploads\/WhatsApp-Image-2025-11-14-at-9.09.03-AM-1-1024x724.jpeg 1024w, https:\/\/www.fsjb.org\/web\/wp-content\/uploads\/WhatsApp-Image-2025-11-14-at-9.09.03-AM-1-768x543.jpeg 768w, https:\/\/www.fsjb.org\/web\/wp-content\/uploads\/WhatsApp-Image-2025-11-14-at-9.09.03-AM-1-1536x1086.jpeg 1536w\" sizes=\"auto, (max-width: 1600px) 100vw, 1600px\" \/><\/figure><\/div> ","protected":false},"excerpt":{"rendered":"<p>En la Fundaci\u00f3n San Jos\u00e9 de Buga contamos con un mapa de procesos establecido, con\u00f3celo e identifica a qu\u00e9 tipo de proceso perteneces. Conoce tambi\u00e9n los Objetivos Estrat\u00e9gicos en los cuales debe estar orientada nuestra gesti\u00f3n institucional<\/p>\n","protected":false},"author":10,"featured_media":0,"parent":0,"menu_order":0,"comment_status":"closed","ping_status":"closed","template":"","meta":{"_cbd_carousel_blocks":"[]","footnotes":""},"class_list":["post-2098","page","type-page","status-publish","hentry"],"yoast_head":"<!-- This site is optimized with the Yoast SEO plugin v27.5 - https:\/\/yoast.com\/product\/yoast-seo-wordpress\/ -->\n<title>MAPA DE PROCESOS - Fundaci&oacute;n San Jos&eacute; Buga<\/title>\n<meta name=\"robots\" content=\"index, follow, max-snippet:-1, max-image-preview:large, max-video-preview:-1\" \/>\n<link rel=\"canonical\" href=\"https:\/\/www.fsjb.org\/web\/?page_id=2098\" \/>\n<meta property=\"og:locale\" content=\"es_ES\" \/>\n<meta property=\"og:type\" content=\"article\" \/>\n<meta property=\"og:title\" content=\"MAPA DE PROCESOS - Fundaci&oacute;n San Jos&eacute; Buga\" \/>\n<meta property=\"og:description\" content=\"En la Fundaci\u00f3n San Jos\u00e9 de Buga contamos con un mapa de procesos establecido, con\u00f3celo e identifica a qu\u00e9 tipo de proceso perteneces. Conoce tambi\u00e9n los Objetivos Estrat\u00e9gicos en los cuales debe estar orientada nuestra gesti\u00f3n institucional\" \/>\n<meta property=\"og:url\" content=\"https:\/\/www.fsjb.org\/web\/?page_id=2098\" \/>\n<meta property=\"og:site_name\" content=\"Fundaci&oacute;n San Jos&eacute; Buga\" \/>\n<meta property=\"article:publisher\" content=\"https:\/\/www.facebook.com\/fundacionsanjosebuga\/\" \/>\n<meta property=\"article:modified_time\" content=\"2025-11-14T19:12:24+00:00\" \/>\n<meta property=\"og:image\" content=\"https:\/\/www.fsjb.org\/web\/wp-content\/uploads\/WhatsApp-Image-2025-11-14-at-2.11.03-PM-1.jpeg\" \/>\n\t<meta property=\"og:image:width\" content=\"2560\" \/>\n\t<meta property=\"og:image:height\" content=\"1578\" \/>\n\t<meta property=\"og:image:type\" content=\"image\/jpeg\" \/>\n<meta name=\"twitter:card\" content=\"summary_large_image\" \/>\n<meta name=\"twitter:label1\" content=\"Tiempo de lectura\" \/>\n\t<meta name=\"twitter:data1\" content=\"1 minuto\" \/>\n<script type=\"application\/ld+json\" class=\"yoast-schema-graph\">{\"@context\":\"https:\\\/\\\/schema.org\",\"@graph\":[{\"@type\":\"WebPage\",\"@id\":\"https:\\\/\\\/www.fsjb.org\\\/web\\\/?page_id=2098\",\"url\":\"https:\\\/\\\/www.fsjb.org\\\/web\\\/?page_id=2098\",\"name\":\"MAPA DE PROCESOS - Fundaci&oacute;n San Jos&eacute; Buga\",\"isPartOf\":{\"@id\":\"https:\\\/\\\/www.fsjb.org\\\/web\\\/#website\"},\"primaryImageOfPage\":{\"@id\":\"https:\\\/\\\/www.fsjb.org\\\/web\\\/?page_id=2098#primaryimage\"},\"image\":{\"@id\":\"https:\\\/\\\/www.fsjb.org\\\/web\\\/?page_id=2098#primaryimage\"},\"thumbnailUrl\":\"https:\\\/\\\/www.fsjb.org\\\/web\\\/wp-content\\\/uploads\\\/WhatsApp-Image-2025-11-14-at-2.11.03-PM-1-1024x631.jpeg\",\"datePublished\":\"2024-02-23T11:58:39+00:00\",\"dateModified\":\"2025-11-14T19:12:24+00:00\",\"breadcrumb\":{\"@id\":\"https:\\\/\\\/www.fsjb.org\\\/web\\\/?page_id=2098#breadcrumb\"},\"inLanguage\":\"es\",\"potentialAction\":[{\"@type\":\"ReadAction\",\"target\":[\"https:\\\/\\\/www.fsjb.org\\\/web\\\/?page_id=2098\"]}]},{\"@type\":\"ImageObject\",\"inLanguage\":\"es\",\"@id\":\"https:\\\/\\\/www.fsjb.org\\\/web\\\/?page_id=2098#primaryimage\",\"url\":\"https:\\\/\\\/www.fsjb.org\\\/web\\\/wp-content\\\/uploads\\\/WhatsApp-Image-2025-11-14-at-2.11.03-PM-1.jpeg\",\"contentUrl\":\"https:\\\/\\\/www.fsjb.org\\\/web\\\/wp-content\\\/uploads\\\/WhatsApp-Image-2025-11-14-at-2.11.03-PM-1.jpeg\",\"width\":2560,\"height\":1578},{\"@type\":\"BreadcrumbList\",\"@id\":\"https:\\\/\\\/www.fsjb.org\\\/web\\\/?page_id=2098#breadcrumb\",\"itemListElement\":[{\"@type\":\"ListItem\",\"position\":1,\"name\":\"Portada\",\"item\":\"https:\\\/\\\/www.fsjb.org\\\/web\\\/\"},{\"@type\":\"ListItem\",\"position\":2,\"name\":\"MAPA DE PROCESOS\"}]},{\"@type\":\"WebSite\",\"@id\":\"https:\\\/\\\/www.fsjb.org\\\/web\\\/#website\",\"url\":\"https:\\\/\\\/www.fsjb.org\\\/web\\\/\",\"name\":\"Fundaci\u00f3n San Jos\u00e9 Buga\",\"description\":\"Pagina web\",\"publisher\":{\"@id\":\"https:\\\/\\\/www.fsjb.org\\\/web\\\/#organization\"},\"potentialAction\":[{\"@type\":\"SearchAction\",\"target\":{\"@type\":\"EntryPoint\",\"urlTemplate\":\"https:\\\/\\\/www.fsjb.org\\\/web\\\/?s={search_term_string}\"},\"query-input\":{\"@type\":\"PropertyValueSpecification\",\"valueRequired\":true,\"valueName\":\"search_term_string\"}}],\"inLanguage\":\"es\"},{\"@type\":\"Organization\",\"@id\":\"https:\\\/\\\/www.fsjb.org\\\/web\\\/#organization\",\"name\":\"Fundaci\u00f3n San Jos\u00e9 Buga\",\"url\":\"https:\\\/\\\/www.fsjb.org\\\/web\\\/\",\"logo\":{\"@type\":\"ImageObject\",\"inLanguage\":\"es\",\"@id\":\"https:\\\/\\\/www.fsjb.org\\\/web\\\/#\\\/schema\\\/logo\\\/image\\\/\",\"url\":\"https:\\\/\\\/www.fsjb.org\\\/web\\\/wp-content\\\/uploads\\\/logo-n.png\",\"contentUrl\":\"https:\\\/\\\/www.fsjb.org\\\/web\\\/wp-content\\\/uploads\\\/logo-n.png\",\"width\":208,\"height\":166,\"caption\":\"Fundaci\u00f3n San Jos\u00e9 Buga\"},\"image\":{\"@id\":\"https:\\\/\\\/www.fsjb.org\\\/web\\\/#\\\/schema\\\/logo\\\/image\\\/\"},\"sameAs\":[\"https:\\\/\\\/www.facebook.com\\\/fundacionsanjosebuga\\\/\",\"https:\\\/\\\/co.linkedin.com\\\/company\\\/fsjb\"]}]}<\/script>\n<!-- \/ Yoast SEO plugin. -->","yoast_head_json":{"title":"MAPA DE PROCESOS - Fundaci&oacute;n San Jos&eacute; Buga","robots":{"index":"index","follow":"follow","max-snippet":"max-snippet:-1","max-image-preview":"max-image-preview:large","max-video-preview":"max-video-preview:-1"},"canonical":"https:\/\/www.fsjb.org\/web\/?page_id=2098","og_locale":"es_ES","og_type":"article","og_title":"MAPA DE PROCESOS - Fundaci&oacute;n San Jos&eacute; Buga","og_description":"En la Fundaci\u00f3n San Jos\u00e9 de Buga contamos con un mapa de procesos establecido, con\u00f3celo e identifica a qu\u00e9 tipo de proceso perteneces. Conoce tambi\u00e9n los Objetivos Estrat\u00e9gicos en los cuales debe estar orientada nuestra gesti\u00f3n institucional","og_url":"https:\/\/www.fsjb.org\/web\/?page_id=2098","og_site_name":"Fundaci&oacute;n San Jos&eacute; Buga","article_publisher":"https:\/\/www.facebook.com\/fundacionsanjosebuga\/","article_modified_time":"2025-11-14T19:12:24+00:00","og_image":[{"width":2560,"height":1578,"url":"https:\/\/www.fsjb.org\/web\/wp-content\/uploads\/WhatsApp-Image-2025-11-14-at-2.11.03-PM-1.jpeg","type":"image\/jpeg"}],"twitter_card":"summary_large_image","twitter_misc":{"Tiempo de lectura":"1 minuto"},"schema":{"@context":"https:\/\/schema.org","@graph":[{"@type":"WebPage","@id":"https:\/\/www.fsjb.org\/web\/?page_id=2098","url":"https:\/\/www.fsjb.org\/web\/?page_id=2098","name":"MAPA DE PROCESOS - Fundaci&oacute;n San Jos&eacute; Buga","isPartOf":{"@id":"https:\/\/www.fsjb.org\/web\/#website"},"primaryImageOfPage":{"@id":"https:\/\/www.fsjb.org\/web\/?page_id=2098#primaryimage"},"image":{"@id":"https:\/\/www.fsjb.org\/web\/?page_id=2098#primaryimage"},"thumbnailUrl":"https:\/\/www.fsjb.org\/web\/wp-content\/uploads\/WhatsApp-Image-2025-11-14-at-2.11.03-PM-1-1024x631.jpeg","datePublished":"2024-02-23T11:58:39+00:00","dateModified":"2025-11-14T19:12:24+00:00","breadcrumb":{"@id":"https:\/\/www.fsjb.org\/web\/?page_id=2098#breadcrumb"},"inLanguage":"es","potentialAction":[{"@type":"ReadAction","target":["https:\/\/www.fsjb.org\/web\/?page_id=2098"]}]},{"@type":"ImageObject","inLanguage":"es","@id":"https:\/\/www.fsjb.org\/web\/?page_id=2098#primaryimage","url":"https:\/\/www.fsjb.org\/web\/wp-content\/uploads\/WhatsApp-Image-2025-11-14-at-2.11.03-PM-1.jpeg","contentUrl":"https:\/\/www.fsjb.org\/web\/wp-content\/uploads\/WhatsApp-Image-2025-11-14-at-2.11.03-PM-1.jpeg","width":2560,"height":1578},{"@type":"BreadcrumbList","@id":"https:\/\/www.fsjb.org\/web\/?page_id=2098#breadcrumb","itemListElement":[{"@type":"ListItem","position":1,"name":"Portada","item":"https:\/\/www.fsjb.org\/web\/"},{"@type":"ListItem","position":2,"name":"MAPA DE PROCESOS"}]},{"@type":"WebSite","@id":"https:\/\/www.fsjb.org\/web\/#website","url":"https:\/\/www.fsjb.org\/web\/","name":"Fundaci\u00f3n San Jos\u00e9 Buga","description":"Pagina web","publisher":{"@id":"https:\/\/www.fsjb.org\/web\/#organization"},"potentialAction":[{"@type":"SearchAction","target":{"@type":"EntryPoint","urlTemplate":"https:\/\/www.fsjb.org\/web\/?s={search_term_string}"},"query-input":{"@type":"PropertyValueSpecification","valueRequired":true,"valueName":"search_term_string"}}],"inLanguage":"es"},{"@type":"Organization","@id":"https:\/\/www.fsjb.org\/web\/#organization","name":"Fundaci\u00f3n San Jos\u00e9 Buga","url":"https:\/\/www.fsjb.org\/web\/","logo":{"@type":"ImageObject","inLanguage":"es","@id":"https:\/\/www.fsjb.org\/web\/#\/schema\/logo\/image\/","url":"https:\/\/www.fsjb.org\/web\/wp-content\/uploads\/logo-n.png","contentUrl":"https:\/\/www.fsjb.org\/web\/wp-content\/uploads\/logo-n.png","width":208,"height":166,"caption":"Fundaci\u00f3n San Jos\u00e9 Buga"},"image":{"@id":"https:\/\/www.fsjb.org\/web\/#\/schema\/logo\/image\/"},"sameAs":["https:\/\/www.facebook.com\/fundacionsanjosebuga\/","https:\/\/co.linkedin.com\/company\/fsjb"]}]}},"_links":{"self":[{"href":"https:\/\/www.fsjb.org\/web\/index.php?rest_route=\/wp\/v2\/pages\/2098","targetHints":{"allow":["GET"]}}],"collection":[{"href":"https:\/\/www.fsjb.org\/web\/index.php?rest_route=\/wp\/v2\/pages"}],"about":[{"href":"https:\/\/www.fsjb.org\/web\/index.php?rest_route=\/wp\/v2\/types\/page"}],"author":[{"embeddable":true,"href":"https:\/\/www.fsjb.org\/web\/index.php?rest_route=\/wp\/v2\/users\/10"}],"replies":[{"embeddable":true,"href":"https:\/\/www.fsjb.org\/web\/index.php?rest_route=%2Fwp%2Fv2%2Fcomments&post=2098"}],"version-history":[{"count":0,"href":"https:\/\/www.fsjb.org\/web\/index.php?rest_route=\/wp\/v2\/pages\/2098\/revisions"}],"wp:attachment":[{"href":"https:\/\/www.fsjb.org\/web\/index.php?rest_route=%2Fwp%2Fv2%2Fmedia&parent=2098"}],"curies":[{"name":"wp","href":"https:\/\/api.w.org\/{rel}","templated":true}]}}