{"id":118,"date":"2018-05-07T19:26:55","date_gmt":"2018-05-07T19:26:55","guid":{"rendered":"http:\/\/localhost\/?page_id=118"},"modified":"2023-08-31T07:52:21","modified_gmt":"2023-08-31T12:52:21","slug":"derechos-y-deberes","status":"publish","type":"page","link":"https:\/\/www.fsjb.org\/web\/?page_id=118","title":{"rendered":"Derechos y Deberes"},"content":{"rendered":"\n<figure class=\"wp-block-video\"><video controls src=\"https:\/\/www.fhsjb.org\/web\/wp-content\/uploads\/derechos-y-deberes-redes.mp4\"><\/video><\/figure>\n\n\n\n<hr class=\"wp-block-separator has-alpha-channel-opacity\"\/>\n\n\n\n<div data-wp-interactive=\"core\/file\" class=\"wp-block-file aligncenter\"><object data-wp-bind--hidden=\"!state.hasPdfPreview\" hidden class=\"wp-block-file__embed\" data=\"https:\/\/www.fhsjb.org\/web\/wp-content\/uploads\/flyer-deberes-y-derechos-fhsjb.pdf\" type=\"application\/pdf\" style=\"width:100%;height:600px\" aria-label=\"Incrustado de flyer-deberes-y-derechos-fhsjb.\"><\/object><a id=\"wp-block-file--media-f1d16475-d6ad-49f4-9f9b-76c16127238e\" href=\"https:\/\/www.fhsjb.org\/web\/wp-content\/uploads\/flyer-deberes-y-derechos-fhsjb.pdf\">flyer-deberes-y-derechos-fhsjb<\/a><a href=\"https:\/\/www.fhsjb.org\/web\/wp-content\/uploads\/flyer-deberes-y-derechos-fhsjb.pdf\" class=\"wp-block-file__button wp-element-button\" download aria-describedby=\"wp-block-file--media-f1d16475-d6ad-49f4-9f9b-76c16127238e\">Descarga<\/a><\/div>\n\n\n\n<hr class=\"wp-block-separator has-alpha-channel-opacity\"\/>\n\n\n\n<p class=\"has-text-align-center\"><strong>Si desea radicar alguna PQRSF puede realizarlo de la siguiente manera:<\/strong><\/p>\n\n\n\n<p class=\"has-text-align-left\">Presencial: dir\u00edjase a la oficina <span style=\"color: #000000;\">de Atenci\u00f3n al Usuario ubicada en el primer piso de la instituci\u00f3n o haga uso de los buzones de sugerencia ubicados en las diferentes \u00e1reas de servicio.<\/span><\/p>\n\n\n\n<p class=\"has-text-align-left\">V\u00eda telef\u00f3nica:<span style=\"color: #000000;\">  fijo (602) 2361000 opci\u00f3n 7 o marque directamente las extensiones 192 y  194. <\/span>Celular: 3175809671<\/p>\n\n\n\n<p><\/p>\n ","protected":false},"excerpt":{"rendered":"<p>Si desea radicar alguna PQRSF puede realizarlo de la siguiente manera: Presencial: dir\u00edjase a la oficina de Atenci\u00f3n al Usuario ubicada en el primer piso de la instituci\u00f3n o haga uso de los buzones de sugerencia ubicados en las diferentes \u00e1reas de servicio. V\u00eda telef\u00f3nica: fijo (602) 2361000 opci\u00f3n 7 o marque directamente las extensiones [&hellip;]<\/p>\n","protected":false},"author":1,"featured_media":0,"parent":0,"menu_order":0,"comment_status":"closed","ping_status":"closed","template":"","meta":{"_cbd_carousel_blocks":"[]","footnotes":""},"class_list":["post-118","page","type-page","status-publish","hentry"],"yoast_head":"<!-- This site is optimized with the Yoast SEO plugin v27.5 - https:\/\/yoast.com\/product\/yoast-seo-wordpress\/ -->\n<title>Derechos y Deberes - Fundaci&oacute;n San Jos&eacute; Buga<\/title>\n<meta name=\"robots\" content=\"index, follow, max-snippet:-1, max-image-preview:large, max-video-preview:-1\" \/>\n<link rel=\"canonical\" href=\"https:\/\/www.fsjb.org\/web\/?page_id=118\" \/>\n<meta property=\"og:locale\" content=\"es_ES\" \/>\n<meta property=\"og:type\" content=\"article\" \/>\n<meta property=\"og:title\" content=\"Derechos y Deberes - Fundaci&oacute;n San Jos&eacute; Buga\" \/>\n<meta property=\"og:description\" content=\"Si desea radicar alguna PQRSF puede realizarlo de la siguiente manera: Presencial: dir\u00edjase a la oficina de Atenci\u00f3n al Usuario ubicada en el primer piso de la instituci\u00f3n o haga uso de los buzones de sugerencia ubicados en las diferentes \u00e1reas de servicio. V\u00eda telef\u00f3nica: fijo (602) 2361000 opci\u00f3n 7 o marque directamente las extensiones [&hellip;]\" \/>\n<meta property=\"og:url\" content=\"https:\/\/www.fsjb.org\/web\/?page_id=118\" \/>\n<meta property=\"og:site_name\" content=\"Fundaci&oacute;n San Jos&eacute; Buga\" \/>\n<meta property=\"article:publisher\" content=\"https:\/\/www.facebook.com\/fundacionsanjosebuga\/\" \/>\n<meta property=\"article:modified_time\" content=\"2023-08-31T12:52:21+00:00\" \/>\n<meta name=\"twitter:card\" content=\"summary_large_image\" \/>\n<script type=\"application\/ld+json\" class=\"yoast-schema-graph\">{\"@context\":\"https:\\\/\\\/schema.org\",\"@graph\":[{\"@type\":\"WebPage\",\"@id\":\"https:\\\/\\\/www.fsjb.org\\\/web\\\/?page_id=118\",\"url\":\"https:\\\/\\\/www.fsjb.org\\\/web\\\/?page_id=118\",\"name\":\"Derechos y Deberes - Fundaci&oacute;n San Jos&eacute; Buga\",\"isPartOf\":{\"@id\":\"https:\\\/\\\/www.fsjb.org\\\/web\\\/#website\"},\"datePublished\":\"2018-05-07T19:26:55+00:00\",\"dateModified\":\"2023-08-31T12:52:21+00:00\",\"breadcrumb\":{\"@id\":\"https:\\\/\\\/www.fsjb.org\\\/web\\\/?page_id=118#breadcrumb\"},\"inLanguage\":\"es\",\"potentialAction\":[{\"@type\":\"ReadAction\",\"target\":[\"https:\\\/\\\/www.fsjb.org\\\/web\\\/?page_id=118\"]}]},{\"@type\":\"BreadcrumbList\",\"@id\":\"https:\\\/\\\/www.fsjb.org\\\/web\\\/?page_id=118#breadcrumb\",\"itemListElement\":[{\"@type\":\"ListItem\",\"position\":1,\"name\":\"Portada\",\"item\":\"https:\\\/\\\/www.fsjb.org\\\/web\\\/\"},{\"@type\":\"ListItem\",\"position\":2,\"name\":\"Derechos y Deberes\"}]},{\"@type\":\"WebSite\",\"@id\":\"https:\\\/\\\/www.fsjb.org\\\/web\\\/#website\",\"url\":\"https:\\\/\\\/www.fsjb.org\\\/web\\\/\",\"name\":\"Fundaci\u00f3n San Jos\u00e9 Buga\",\"description\":\"Pagina web\",\"publisher\":{\"@id\":\"https:\\\/\\\/www.fsjb.org\\\/web\\\/#organization\"},\"potentialAction\":[{\"@type\":\"SearchAction\",\"target\":{\"@type\":\"EntryPoint\",\"urlTemplate\":\"https:\\\/\\\/www.fsjb.org\\\/web\\\/?s={search_term_string}\"},\"query-input\":{\"@type\":\"PropertyValueSpecification\",\"valueRequired\":true,\"valueName\":\"search_term_string\"}}],\"inLanguage\":\"es\"},{\"@type\":\"Organization\",\"@id\":\"https:\\\/\\\/www.fsjb.org\\\/web\\\/#organization\",\"name\":\"Fundaci\u00f3n San Jos\u00e9 Buga\",\"url\":\"https:\\\/\\\/www.fsjb.org\\\/web\\\/\",\"logo\":{\"@type\":\"ImageObject\",\"inLanguage\":\"es\",\"@id\":\"https:\\\/\\\/www.fsjb.org\\\/web\\\/#\\\/schema\\\/logo\\\/image\\\/\",\"url\":\"https:\\\/\\\/www.fsjb.org\\\/web\\\/wp-content\\\/uploads\\\/logo-n.png\",\"contentUrl\":\"https:\\\/\\\/www.fsjb.org\\\/web\\\/wp-content\\\/uploads\\\/logo-n.png\",\"width\":208,\"height\":166,\"caption\":\"Fundaci\u00f3n San Jos\u00e9 Buga\"},\"image\":{\"@id\":\"https:\\\/\\\/www.fsjb.org\\\/web\\\/#\\\/schema\\\/logo\\\/image\\\/\"},\"sameAs\":[\"https:\\\/\\\/www.facebook.com\\\/fundacionsanjosebuga\\\/\",\"https:\\\/\\\/co.linkedin.com\\\/company\\\/fsjb\"]}]}<\/script>\n<!-- \/ Yoast SEO plugin. -->","yoast_head_json":{"title":"Derechos y Deberes - Fundaci&oacute;n San Jos&eacute; Buga","robots":{"index":"index","follow":"follow","max-snippet":"max-snippet:-1","max-image-preview":"max-image-preview:large","max-video-preview":"max-video-preview:-1"},"canonical":"https:\/\/www.fsjb.org\/web\/?page_id=118","og_locale":"es_ES","og_type":"article","og_title":"Derechos y Deberes - Fundaci&oacute;n San Jos&eacute; Buga","og_description":"Si desea radicar alguna PQRSF puede realizarlo de la siguiente manera: Presencial: dir\u00edjase a la oficina de Atenci\u00f3n al Usuario ubicada en el primer piso de la instituci\u00f3n o haga uso de los buzones de sugerencia ubicados en las diferentes \u00e1reas de servicio. V\u00eda telef\u00f3nica: fijo (602) 2361000 opci\u00f3n 7 o marque directamente las extensiones [&hellip;]","og_url":"https:\/\/www.fsjb.org\/web\/?page_id=118","og_site_name":"Fundaci&oacute;n San Jos&eacute; Buga","article_publisher":"https:\/\/www.facebook.com\/fundacionsanjosebuga\/","article_modified_time":"2023-08-31T12:52:21+00:00","twitter_card":"summary_large_image","schema":{"@context":"https:\/\/schema.org","@graph":[{"@type":"WebPage","@id":"https:\/\/www.fsjb.org\/web\/?page_id=118","url":"https:\/\/www.fsjb.org\/web\/?page_id=118","name":"Derechos y Deberes - Fundaci&oacute;n San Jos&eacute; Buga","isPartOf":{"@id":"https:\/\/www.fsjb.org\/web\/#website"},"datePublished":"2018-05-07T19:26:55+00:00","dateModified":"2023-08-31T12:52:21+00:00","breadcrumb":{"@id":"https:\/\/www.fsjb.org\/web\/?page_id=118#breadcrumb"},"inLanguage":"es","potentialAction":[{"@type":"ReadAction","target":["https:\/\/www.fsjb.org\/web\/?page_id=118"]}]},{"@type":"BreadcrumbList","@id":"https:\/\/www.fsjb.org\/web\/?page_id=118#breadcrumb","itemListElement":[{"@type":"ListItem","position":1,"name":"Portada","item":"https:\/\/www.fsjb.org\/web\/"},{"@type":"ListItem","position":2,"name":"Derechos y Deberes"}]},{"@type":"WebSite","@id":"https:\/\/www.fsjb.org\/web\/#website","url":"https:\/\/www.fsjb.org\/web\/","name":"Fundaci\u00f3n San Jos\u00e9 Buga","description":"Pagina web","publisher":{"@id":"https:\/\/www.fsjb.org\/web\/#organization"},"potentialAction":[{"@type":"SearchAction","target":{"@type":"EntryPoint","urlTemplate":"https:\/\/www.fsjb.org\/web\/?s={search_term_string}"},"query-input":{"@type":"PropertyValueSpecification","valueRequired":true,"valueName":"search_term_string"}}],"inLanguage":"es"},{"@type":"Organization","@id":"https:\/\/www.fsjb.org\/web\/#organization","name":"Fundaci\u00f3n San Jos\u00e9 Buga","url":"https:\/\/www.fsjb.org\/web\/","logo":{"@type":"ImageObject","inLanguage":"es","@id":"https:\/\/www.fsjb.org\/web\/#\/schema\/logo\/image\/","url":"https:\/\/www.fsjb.org\/web\/wp-content\/uploads\/logo-n.png","contentUrl":"https:\/\/www.fsjb.org\/web\/wp-content\/uploads\/logo-n.png","width":208,"height":166,"caption":"Fundaci\u00f3n San Jos\u00e9 Buga"},"image":{"@id":"https:\/\/www.fsjb.org\/web\/#\/schema\/logo\/image\/"},"sameAs":["https:\/\/www.facebook.com\/fundacionsanjosebuga\/","https:\/\/co.linkedin.com\/company\/fsjb"]}]}},"_links":{"self":[{"href":"https:\/\/www.fsjb.org\/web\/index.php?rest_route=\/wp\/v2\/pages\/118","targetHints":{"allow":["GET"]}}],"collection":[{"href":"https:\/\/www.fsjb.org\/web\/index.php?rest_route=\/wp\/v2\/pages"}],"about":[{"href":"https:\/\/www.fsjb.org\/web\/index.php?rest_route=\/wp\/v2\/types\/page"}],"author":[{"embeddable":true,"href":"https:\/\/www.fsjb.org\/web\/index.php?rest_route=\/wp\/v2\/users\/1"}],"replies":[{"embeddable":true,"href":"https:\/\/www.fsjb.org\/web\/index.php?rest_route=%2Fwp%2Fv2%2Fcomments&post=118"}],"version-history":[{"count":0,"href":"https:\/\/www.fsjb.org\/web\/index.php?rest_route=\/wp\/v2\/pages\/118\/revisions"}],"wp:attachment":[{"href":"https:\/\/www.fsjb.org\/web\/index.php?rest_route=%2Fwp%2Fv2%2Fmedia&parent=118"}],"curies":[{"name":"wp","href":"https:\/\/api.w.org\/{rel}","templated":true}]}}