{"id":115,"date":"2018-05-07T19:26:54","date_gmt":"2018-05-07T19:26:54","guid":{"rendered":"http:\/\/localhost\/?page_id=115"},"modified":"2018-08-14T21:00:05","modified_gmt":"2018-08-14T21:00:05","slug":"diez-acciones-basicas","status":"publish","type":"page","link":"https:\/\/www.fsjb.org\/web\/?page_id=115","title":{"rendered":"Diez Acciones B\u00e1sicas"},"content":{"rendered":"<h1><span style=\"color: #007970;\"><strong>DIEZ ACCIONES B\u00c1SICAS PARA MEJORAR LA SEGURIDAD DEL PACIENTE<\/strong><\/span><\/h1>\n<p><span style=\"color: #007970;\"><strong>1. IDENTIFICACI\u00d3N DEL PACIENTE<\/strong><\/span><\/p>\n<p style=\"padding-left: 30px;\"><span style=\"color: #000000;\">Llamar al paciente por su nombre.<\/span><\/p>\n<p style=\"padding-left: 30px;\"><span style=\"color: #000000;\">Identifique correctamente el paciente utilizando nombre y n\u00famero de historia cl\u00ednica.<\/span><\/p>\n<p><span style=\"color: #007970;\"><strong>2. MANEJO DE MEDICAMENTOS<\/strong><\/span><\/p>\n<p style=\"padding-left: 30px;\"><span style=\"color: #000000;\">Utilizar el m\u00e9todo nemot\u00e9cnico de los &#8221; 5 correctos ayuda a contener riesgos y evitar da\u00f1os:<\/span><\/p>\n<p style=\"padding-left: 30px;\"><span style=\"color: #000000;\">Paciente- Medicamento-V\u00eda -Dosis-Hora CORRECTOS<\/span><\/p>\n<p style=\"padding-left: 30px;\"><span style=\"color: #000000;\">Verifique caracter\u00edsticas, fecha de vencimiento, diluciones, velocidad de administraci\u00f3n correcta<\/span><\/p>\n<p style=\"padding-left: 30px;\"><span style=\"color: #000000;\">Manejo de medicamentos de aspecto o nombres parecidos<\/span><\/p>\n<p style=\"padding-left: 30px;\"><span style=\"color: #000000;\">Control de las soluciones de electrolitos (cloruro de sodio, cloruro de potasio)<\/span><\/p>\n<p style=\"padding-left: 30px;\"><span style=\"color: #000000;\">Asegurar precisi\u00f3n de medicaci\u00f3n en las transiciones asistenciales.<\/span><\/p>\n<p><span style=\"color: #007970;\"><strong>3. COMUNICACI\u00d3N CLARA<\/strong><\/span><\/p>\n<p style=\"padding-left: 30px;\"><span style=\"color: #000000;\">Hable correctamente<\/span><\/p>\n<p style=\"padding-left: 30px;\"><span style=\"color: #000000;\">Sea conciso, claro, espec\u00edfico y oportuno<\/span><\/p>\n<p style=\"padding-left: 30px;\"><span style=\"color: #000000;\">Use terminolog\u00eda estandarizada<\/span><\/p>\n<p style=\"padding-left: 30px;\"><span style=\"color: #000000;\">No utilice abreviaturas, acr\u00f3nimos o s\u00edmbolos<\/span><\/p>\n<p style=\"padding-left: 30px;\"><span style=\"color: #000000;\">Cerci\u00f3rese de que se ha dado a entender (Que qui\u00e9n reciba la orden la repita)<\/span><\/p>\n<p style=\"padding-left: 30px;\"><span style=\"color: #000000;\">Si el tiempo es factor importante, especifique el momento en que se requiere que se efectu\u00e9 la acci\u00f3n<\/span><\/p>\n<p style=\"padding-left: 30px;\"><span style=\"color: #000000;\">En caso de \u00f3rdenes verbales o resultados cr\u00edticos de ex\u00e1menes, es recomendable implementar un proceso de verificaci\u00f3n.<\/span><\/p>\n<p style=\"padding-left: 30px;\"><span style=\"color: #000000;\">Comunicaci\u00f3n durante el traspaso de pacientes<\/span><\/p>\n<p><span style=\"color: #007970;\"><strong>4. USO DE PROTOCOLOS Y \/ O GU\u00cdAS CL\u00cdNICAS, DIAGN\u00d3STICAS Y\u00a0<\/strong><\/span><span style=\"color: #007970;\"><b>TERAP\u00c9UTICAS<\/b><\/span><\/p>\n<p style=\"padding-left: 30px;\"><span style=\"color: #000000;\">Siempre ser\u00e1 m\u00e1s seguro apegarse a los protocolos de atenci\u00f3n y\/o gu\u00edas diagn\u00f3sticas y terap\u00e9uticas<\/span><\/p>\n<p style=\"padding-left: 30px;\"><span style=\"color: #000000;\">Haga revisi\u00f3n y actualizaci\u00f3n de las gu\u00edas.<\/span><\/p>\n<p><span style=\"color: #007970;\"><strong>5. EN CIRUG\u00cdA Y PROCEDIMIENTOS, LAS &#8220;C&#8221; SON SOLO 4<\/strong><\/span><\/p>\n<p style=\"padding-left: 30px;\"><span style=\"color: #000000;\">El paciente correcto<\/span><\/p>\n<p style=\"padding-left: 30px;\"><span style=\"color: #000000;\">Cirug\u00eda o procedimiento correcto<\/span><\/p>\n<p style=\"padding-left: 30px;\"><span style=\"color: #000000;\">Sitio quir\u00fargico correcto (marcar el \u00e1rea en presencia del paciente consciente)<\/span><\/p>\n<p style=\"padding-left: 30px;\"><span style=\"color: #000000;\">Momento correcto (oportuno)<\/span><\/p>\n<p><span style=\"color: #007970;\"><strong>6. CA\u00cdDA DE PACIENTES<\/strong><\/span><\/p>\n<p style=\"padding-left: 30px;\"><span style=\"color: #000000;\">Identificar pacientes de alto riesgo y tomar medidas de protecci\u00f3n.<\/span><\/p>\n<p style=\"padding-left: 30px;\"><span style=\"color: #000000;\">Paciente en cama siempre con barandas arriba.<\/span><\/p>\n<p style=\"padding-left: 30px;\"><span style=\"color: #000000;\">Informar al paciente y familiares las medidas de seguridad tomadas y la raz\u00f3n de las mismas, para evitar que alguno pueda intervenirlas o cancelarlas.<\/span><\/p>\n<p style=\"padding-left: 30px;\"><span style=\"color: #000000;\">Solicitar al paciente que cuando quiera pararse siempre pida ayuda de enfermer\u00eda.<\/span><\/p>\n<p style=\"padding-left: 30px;\"><span style=\"color: #000000;\">Permitir acompa\u00f1amiento a pacientes ni\u00f1os, geri\u00e1tricos, neurol\u00f3gicos, psiqui\u00e1tricos, discapacitados<\/span><\/p>\n<p><span style=\"color: #007970;\"><strong>7. INFECCIONES NOSOCOMIALES<\/strong><\/span><\/p>\n<p style=\"padding-left: 30px;\"><span style=\"color: #000000;\">Todo miembro del equipo de salud debe lavarse las manos antes y despu\u00e9s de revisar a cada paciente.<\/span><\/p>\n<p style=\"padding-left: 30px;\"><span style=\"color: #000000;\">Identificar los pacientes que tienen mayor riesgo de contraer infecciones (geri\u00e1tricos, con terapia invasiva, inmunosuprimidos).<\/span><\/p>\n<p style=\"padding-left: 30px;\"><span style=\"color: #000000;\">Uso de elementos de protecci\u00f3n personal.<\/span><\/p>\n<p style=\"padding-left: 30px;\"><span style=\"color: #000000;\">Uso de medidas de aislamiento para evitar transmisi\u00f3n de infecciones<\/span><\/p>\n<p style=\"padding-left: 30px;\"><span style=\"color: #000000;\">Usar una sola vez los dispositivos de inyecci\u00f3n<\/span><\/p>\n<p><span style=\"color: #007970;\"><strong>8. FACTORES HUMANOS<\/strong><\/span><\/p>\n<p style=\"padding-left: 30px;\"><span style=\"color: #000000;\">Identificar los factores humanos y tomar medidas preventivas consecuentes<\/span><\/p>\n<p style=\"padding-left: 30px;\"><span style=\"color: #000000;\">Si un miembro del equipo de salud presenta alteraci\u00f3n de sus facultades y capacidades (cansancio, prisa, stress u otro problema) debe expresarlo y pedir ayuda.<\/span><\/p>\n<p style=\"padding-left: 30px;\"><span style=\"color: #000000;\">Si hay dudas frente a un procedimiento, antes que intentarlo conviene consultarlo, para prevenir riesgos.<\/span><\/p>\n<p><span style=\"color: #007970;\"><strong>9. HAGA CORRESPONSABLE AL PACIENTE DE SU ENFERMEDAD Y<span style=\"color: #007970;\">\u00a0<\/span><\/strong><span style=\"color: #007970;\"><b>TRATAMIENTO<\/b><\/span><\/span><\/p>\n<p style=\"padding-left: 30px;\"><span style=\"color: #000000;\">La participaci\u00f3n del paciente y sus familiares en el proceso de atenci\u00f3n a la salud es fundamental.<\/span><\/p>\n<p style=\"padding-left: 30px;\"><span style=\"color: #000000;\">Facilite que expresen sus dudas ante su enfermedad y tratamiento<\/span><\/p>\n<p style=\"padding-left: 30px;\"><span style=\"color: #000000;\">Resu\u00e9lvale sus dudas, esto le ahorrar\u00e1 tiempo y favorecer\u00e1 la imagen del personal<\/span><\/p>\n<p style=\"padding-left: 30px;\"><span style=\"color: #000000;\">Rectifique todos los tratamientos a los que est\u00e1 siendo sometido incluyendo los alternativos y rep\u00f3rtelos a otros servicios<\/span><\/p>\n<p><span style=\"color: #007970;\"><strong>10. CLIMA DE SEGURIDAD PARA EL PACIENTE<\/strong><\/span><\/p>\n<p style=\"padding-left: 30px;\"><span style=\"color: #000000;\">De ejemplo de conciencia y cuidado frente a las acciones en seguridad del paciente<\/span><\/p>\n<p style=\"padding-left: 30px;\"><span style=\"color: #000000;\">Fomente la camarader\u00eda y la integraci\u00f3n del equipo de trabajo en pro de la seguridad del paciente.<\/span><\/p>\n<p><strong><span style=\"color: #339966;\">Elaborado por profesional calidad. Junio 2011<\/span><\/strong><\/p>\n ","protected":false},"excerpt":{"rendered":"<p>DIEZ ACCIONES B\u00c1SICAS PARA MEJORAR LA SEGURIDAD DEL PACIENTE 1. IDENTIFICACI\u00d3N DEL PACIENTE Llamar al paciente por su nombre. Identifique correctamente el paciente utilizando nombre y n\u00famero de historia cl\u00ednica. 2. MANEJO DE MEDICAMENTOS Utilizar el m\u00e9todo nemot\u00e9cnico de los &#8221; 5 correctos ayuda a contener riesgos y evitar da\u00f1os: Paciente- Medicamento-V\u00eda -Dosis-Hora CORRECTOS Verifique [&hellip;]<\/p>\n","protected":false},"author":1,"featured_media":0,"parent":0,"menu_order":0,"comment_status":"closed","ping_status":"closed","template":"","meta":{"_cbd_carousel_blocks":"[]","footnotes":""},"class_list":["post-115","page","type-page","status-publish","hentry"],"yoast_head":"<!-- This site is optimized with the Yoast SEO plugin v27.5 - https:\/\/yoast.com\/product\/yoast-seo-wordpress\/ -->\n<title>Diez Acciones B\u00e1sicas - Fundaci&oacute;n San Jos&eacute; Buga<\/title>\n<meta name=\"robots\" content=\"index, follow, max-snippet:-1, max-image-preview:large, max-video-preview:-1\" \/>\n<link rel=\"canonical\" href=\"https:\/\/www.fsjb.org\/web\/?page_id=115\" \/>\n<meta property=\"og:locale\" content=\"es_ES\" \/>\n<meta property=\"og:type\" content=\"article\" \/>\n<meta property=\"og:title\" content=\"Diez Acciones B\u00e1sicas - Fundaci&oacute;n San Jos&eacute; Buga\" \/>\n<meta property=\"og:description\" content=\"DIEZ ACCIONES B\u00c1SICAS PARA MEJORAR LA SEGURIDAD DEL PACIENTE 1. IDENTIFICACI\u00d3N DEL PACIENTE Llamar al paciente por su nombre. Identifique correctamente el paciente utilizando nombre y n\u00famero de historia cl\u00ednica. 2. MANEJO DE MEDICAMENTOS Utilizar el m\u00e9todo nemot\u00e9cnico de los &#8221; 5 correctos ayuda a contener riesgos y evitar da\u00f1os: Paciente- Medicamento-V\u00eda -Dosis-Hora CORRECTOS Verifique [&hellip;]\" \/>\n<meta property=\"og:url\" content=\"https:\/\/www.fsjb.org\/web\/?page_id=115\" \/>\n<meta property=\"og:site_name\" content=\"Fundaci&oacute;n San Jos&eacute; Buga\" \/>\n<meta property=\"article:publisher\" content=\"https:\/\/www.facebook.com\/fundacionsanjosebuga\/\" \/>\n<meta property=\"article:modified_time\" content=\"2018-08-14T21:00:05+00:00\" \/>\n<meta name=\"twitter:card\" content=\"summary_large_image\" \/>\n<meta name=\"twitter:label1\" content=\"Tiempo de lectura\" \/>\n\t<meta name=\"twitter:data1\" content=\"3 minutos\" \/>\n<script type=\"application\/ld+json\" class=\"yoast-schema-graph\">{\"@context\":\"https:\\\/\\\/schema.org\",\"@graph\":[{\"@type\":\"WebPage\",\"@id\":\"https:\\\/\\\/www.fsjb.org\\\/web\\\/?page_id=115\",\"url\":\"https:\\\/\\\/www.fsjb.org\\\/web\\\/?page_id=115\",\"name\":\"Diez Acciones B\u00e1sicas - Fundaci&oacute;n San Jos&eacute; Buga\",\"isPartOf\":{\"@id\":\"https:\\\/\\\/www.fsjb.org\\\/web\\\/#website\"},\"datePublished\":\"2018-05-07T19:26:54+00:00\",\"dateModified\":\"2018-08-14T21:00:05+00:00\",\"breadcrumb\":{\"@id\":\"https:\\\/\\\/www.fsjb.org\\\/web\\\/?page_id=115#breadcrumb\"},\"inLanguage\":\"es\",\"potentialAction\":[{\"@type\":\"ReadAction\",\"target\":[\"https:\\\/\\\/www.fsjb.org\\\/web\\\/?page_id=115\"]}]},{\"@type\":\"BreadcrumbList\",\"@id\":\"https:\\\/\\\/www.fsjb.org\\\/web\\\/?page_id=115#breadcrumb\",\"itemListElement\":[{\"@type\":\"ListItem\",\"position\":1,\"name\":\"Portada\",\"item\":\"https:\\\/\\\/www.fsjb.org\\\/web\\\/\"},{\"@type\":\"ListItem\",\"position\":2,\"name\":\"Diez Acciones B\u00e1sicas\"}]},{\"@type\":\"WebSite\",\"@id\":\"https:\\\/\\\/www.fsjb.org\\\/web\\\/#website\",\"url\":\"https:\\\/\\\/www.fsjb.org\\\/web\\\/\",\"name\":\"Fundaci\u00f3n San Jos\u00e9 Buga\",\"description\":\"Pagina web\",\"publisher\":{\"@id\":\"https:\\\/\\\/www.fsjb.org\\\/web\\\/#organization\"},\"potentialAction\":[{\"@type\":\"SearchAction\",\"target\":{\"@type\":\"EntryPoint\",\"urlTemplate\":\"https:\\\/\\\/www.fsjb.org\\\/web\\\/?s={search_term_string}\"},\"query-input\":{\"@type\":\"PropertyValueSpecification\",\"valueRequired\":true,\"valueName\":\"search_term_string\"}}],\"inLanguage\":\"es\"},{\"@type\":\"Organization\",\"@id\":\"https:\\\/\\\/www.fsjb.org\\\/web\\\/#organization\",\"name\":\"Fundaci\u00f3n San Jos\u00e9 Buga\",\"url\":\"https:\\\/\\\/www.fsjb.org\\\/web\\\/\",\"logo\":{\"@type\":\"ImageObject\",\"inLanguage\":\"es\",\"@id\":\"https:\\\/\\\/www.fsjb.org\\\/web\\\/#\\\/schema\\\/logo\\\/image\\\/\",\"url\":\"https:\\\/\\\/www.fsjb.org\\\/web\\\/wp-content\\\/uploads\\\/logo-n.png\",\"contentUrl\":\"https:\\\/\\\/www.fsjb.org\\\/web\\\/wp-content\\\/uploads\\\/logo-n.png\",\"width\":208,\"height\":166,\"caption\":\"Fundaci\u00f3n San Jos\u00e9 Buga\"},\"image\":{\"@id\":\"https:\\\/\\\/www.fsjb.org\\\/web\\\/#\\\/schema\\\/logo\\\/image\\\/\"},\"sameAs\":[\"https:\\\/\\\/www.facebook.com\\\/fundacionsanjosebuga\\\/\",\"https:\\\/\\\/co.linkedin.com\\\/company\\\/fsjb\"]}]}<\/script>\n<!-- \/ Yoast SEO plugin. -->","yoast_head_json":{"title":"Diez Acciones B\u00e1sicas - Fundaci&oacute;n San Jos&eacute; Buga","robots":{"index":"index","follow":"follow","max-snippet":"max-snippet:-1","max-image-preview":"max-image-preview:large","max-video-preview":"max-video-preview:-1"},"canonical":"https:\/\/www.fsjb.org\/web\/?page_id=115","og_locale":"es_ES","og_type":"article","og_title":"Diez Acciones B\u00e1sicas - Fundaci&oacute;n San Jos&eacute; Buga","og_description":"DIEZ ACCIONES B\u00c1SICAS PARA MEJORAR LA SEGURIDAD DEL PACIENTE 1. IDENTIFICACI\u00d3N DEL PACIENTE Llamar al paciente por su nombre. Identifique correctamente el paciente utilizando nombre y n\u00famero de historia cl\u00ednica. 2. MANEJO DE MEDICAMENTOS Utilizar el m\u00e9todo nemot\u00e9cnico de los &#8221; 5 correctos ayuda a contener riesgos y evitar da\u00f1os: Paciente- Medicamento-V\u00eda -Dosis-Hora CORRECTOS Verifique [&hellip;]","og_url":"https:\/\/www.fsjb.org\/web\/?page_id=115","og_site_name":"Fundaci&oacute;n San Jos&eacute; Buga","article_publisher":"https:\/\/www.facebook.com\/fundacionsanjosebuga\/","article_modified_time":"2018-08-14T21:00:05+00:00","twitter_card":"summary_large_image","twitter_misc":{"Tiempo de lectura":"3 minutos"},"schema":{"@context":"https:\/\/schema.org","@graph":[{"@type":"WebPage","@id":"https:\/\/www.fsjb.org\/web\/?page_id=115","url":"https:\/\/www.fsjb.org\/web\/?page_id=115","name":"Diez Acciones B\u00e1sicas - Fundaci&oacute;n San Jos&eacute; Buga","isPartOf":{"@id":"https:\/\/www.fsjb.org\/web\/#website"},"datePublished":"2018-05-07T19:26:54+00:00","dateModified":"2018-08-14T21:00:05+00:00","breadcrumb":{"@id":"https:\/\/www.fsjb.org\/web\/?page_id=115#breadcrumb"},"inLanguage":"es","potentialAction":[{"@type":"ReadAction","target":["https:\/\/www.fsjb.org\/web\/?page_id=115"]}]},{"@type":"BreadcrumbList","@id":"https:\/\/www.fsjb.org\/web\/?page_id=115#breadcrumb","itemListElement":[{"@type":"ListItem","position":1,"name":"Portada","item":"https:\/\/www.fsjb.org\/web\/"},{"@type":"ListItem","position":2,"name":"Diez Acciones B\u00e1sicas"}]},{"@type":"WebSite","@id":"https:\/\/www.fsjb.org\/web\/#website","url":"https:\/\/www.fsjb.org\/web\/","name":"Fundaci\u00f3n San Jos\u00e9 Buga","description":"Pagina web","publisher":{"@id":"https:\/\/www.fsjb.org\/web\/#organization"},"potentialAction":[{"@type":"SearchAction","target":{"@type":"EntryPoint","urlTemplate":"https:\/\/www.fsjb.org\/web\/?s={search_term_string}"},"query-input":{"@type":"PropertyValueSpecification","valueRequired":true,"valueName":"search_term_string"}}],"inLanguage":"es"},{"@type":"Organization","@id":"https:\/\/www.fsjb.org\/web\/#organization","name":"Fundaci\u00f3n San Jos\u00e9 Buga","url":"https:\/\/www.fsjb.org\/web\/","logo":{"@type":"ImageObject","inLanguage":"es","@id":"https:\/\/www.fsjb.org\/web\/#\/schema\/logo\/image\/","url":"https:\/\/www.fsjb.org\/web\/wp-content\/uploads\/logo-n.png","contentUrl":"https:\/\/www.fsjb.org\/web\/wp-content\/uploads\/logo-n.png","width":208,"height":166,"caption":"Fundaci\u00f3n San Jos\u00e9 Buga"},"image":{"@id":"https:\/\/www.fsjb.org\/web\/#\/schema\/logo\/image\/"},"sameAs":["https:\/\/www.facebook.com\/fundacionsanjosebuga\/","https:\/\/co.linkedin.com\/company\/fsjb"]}]}},"_links":{"self":[{"href":"https:\/\/www.fsjb.org\/web\/index.php?rest_route=\/wp\/v2\/pages\/115","targetHints":{"allow":["GET"]}}],"collection":[{"href":"https:\/\/www.fsjb.org\/web\/index.php?rest_route=\/wp\/v2\/pages"}],"about":[{"href":"https:\/\/www.fsjb.org\/web\/index.php?rest_route=\/wp\/v2\/types\/page"}],"author":[{"embeddable":true,"href":"https:\/\/www.fsjb.org\/web\/index.php?rest_route=\/wp\/v2\/users\/1"}],"replies":[{"embeddable":true,"href":"https:\/\/www.fsjb.org\/web\/index.php?rest_route=%2Fwp%2Fv2%2Fcomments&post=115"}],"version-history":[{"count":0,"href":"https:\/\/www.fsjb.org\/web\/index.php?rest_route=\/wp\/v2\/pages\/115\/revisions"}],"wp:attachment":[{"href":"https:\/\/www.fsjb.org\/web\/index.php?rest_route=%2Fwp%2Fv2%2Fmedia&parent=115"}],"curies":[{"name":"wp","href":"https:\/\/api.w.org\/{rel}","templated":true}]}}