{"id":113,"date":"2018-05-07T19:26:54","date_gmt":"2018-05-07T19:26:54","guid":{"rendered":"http:\/\/localhost\/?page_id=113"},"modified":"2018-08-14T20:29:02","modified_gmt":"2018-08-14T20:29:02","slug":"consentimiento-informado","status":"publish","type":"page","link":"https:\/\/www.fsjb.org\/web\/?page_id=113","title":{"rendered":"Consentimiento Informado"},"content":{"rendered":"<h1><span style=\"color: #007970;\"><em><strong>DEFINICI\u00d3N:<\/strong><\/em><\/span><\/h1>\n<p><span style=\"color: #000000;\">El consentimiento informado escrito es el documento que busca dar fe de la autorizaci\u00f3n que un paciente o representante legal emite para que se realice un procedimiento m\u00e9dico quir\u00fargico.<\/span><\/p>\n<p><span style=\"color: #007970;\"><em><strong>PRINCIPIOS<\/strong><\/em><\/span><\/p>\n<p><span style=\"color: #000000;\"><span style=\"color: #808080;\"><strong>1<\/strong>.<\/span> Se invita a los m\u00e9dicos para que aplacen, en lo posible, todo procedimiento medico importante, si existe raz\u00f3n para pensar que el paciente no tiene una adecuada comprensi\u00f3n de los temas que confrontan o no se encuentra preparada emocionalmente.<\/span><\/p>\n<p><span style=\"color: #000000;\"><span style=\"color: #808080;\"><strong>2.\u00a0<\/strong><\/span>Mediante documentos escritos se deber\u00e1 obtener el consentimiento informado para procedimientos m\u00e9dicos mayores, no urgente, como cirug\u00edas selectivas. El consentimiento informado se podr\u00e1 pasar por alto si su obtenci\u00f3n es imposible en condiciones de emergencias\u00a0(ley 23\/ 81 art 7; decreto 3380\/81 art 3).<\/span><\/p>\n<p><span style=\"color: #000000;\"><span style=\"color: #808080;\"><strong>3.<\/strong><\/span> Los documentos que contengan informaci\u00f3n resumida y escasa no son suficientes para la obtenci\u00f3n del consentimiento.<\/span><\/p>\n<p><span style=\"color: #000000;\"><span style=\"color: #808080;\"><strong>4.<\/strong><\/span> Los apoderados pueden firmar consentimientos por pacientes impedidos para hacerlo. A tales apoderados se les invitar\u00e1 a expresar los deseos y a determinar los mejores intereses del paciente que representan.<\/span><\/p>\n<p><span style=\"color: #000000;\"><span style=\"color: #808080;\"><strong>5.<\/strong><\/span> Recomendamos que los pacientes o sus apoderados firmen los documentos de consentimientos informados en presencia de un testigo y que el testigo firme tambi\u00e9n el documento. Siempre se debe incluir el n\u00famero de documento de identificaci\u00f3n de todos los firmantes.<\/span><\/p>\n<p><span style=\"color: #000000;\"><span style=\"color: #808080;\"><strong>6.<\/strong><\/span> En los casos en que exista duda acerca de la capacidad o competencia de un enfermo, o en los casos en que sea epis\u00f3dicamente incapaz o incompetente, se har\u00e1 todo el esfuerzo posible para respetar su capacidad de tomar decisiones. En la historia cl\u00ednica se debe documentar las razones por las cuales se le considera incapaz. En los casos que exista duda acerca de la competencia del paciente, se sugiere que un psic\u00f3logo evalu\u00e9 su capacidad para\u00a0consentir un procedimiento m\u00e9dico.<\/span><\/p>\n<p><span style=\"color: #000000;\"><span style=\"color: #808080;\"><strong>7.<\/strong><\/span> La instituci\u00f3n favorece el procedimiento de que los m\u00e9dicos aseguren la aprobaci\u00f3n de los adolescentes para el tratamiento, as\u00ed como el consentimiento de sus padres (en lo posible de ambos padres) o apoderados. En caso de que los padres rechacen la conducta que ordena el m\u00e9dico, a pesar del deseo del menor de aceptar el tratamiento por considerarlo beneficioso para su salud, el m\u00e9dico puede acudir a un juez para que este de el consentimiento en nombre del menor. En caso de emergencia prevalece el derecho a la vida.<\/span><\/p>\n<p><span style=\"color: #000000;\"><span style=\"color: #808080;\"><strong>8.<\/strong><\/span> Las partes que componen la toma de un consentimiento informado valido\u00a0son:<\/span><\/p>\n<ul>\n<li><span style=\"color: #000000;\">Informaci\u00f3n completa: la suficiente para permitir a personas razonables realizar selecciones prudentes en su propio beneficio.<\/span><\/li>\n<li><span style=\"color: #000000;\">Ausencia de coerci\u00f3n.<\/span><\/li>\n<li><span style=\"color: #000000;\">Capacidad del paciente para tomar decisiones.<\/span><\/li>\n<\/ul>\n<p align=\"LEFT\"><span style=\"color: #000000;\"><span style=\"color: #808080;\"><strong>9.<\/strong><\/span> La informaci\u00f3n completa de un consentimiento informado v\u00e1lido debe incluir, en t\u00e9rminos sencillos y comprensibles, lo siguiente:<\/span><\/p>\n<p style=\"padding-left: 30px;\" align=\"LEFT\"><span style=\"color: #000000;\"><strong><span style=\"color: #808080;\">A.<\/span><\/strong> Una descripci\u00f3n clara del tratamiento con \u00e9nfasis en su objetivo.<\/span><\/p>\n<p style=\"padding-left: 30px;\" align=\"LEFT\"><span style=\"color: #000000;\"><strong><span style=\"color: #808080;\">B.<\/span><\/strong> Una descripci\u00f3n de los beneficios\u00a0importantes que razonablemente\u00a0se pueda esperar del tratamiento propuesto.<\/span><\/p>\n<p style=\"padding-left: 30px;\" align=\"LEFT\"><span style=\"color: #000000;\"><strong><span style=\"color: #808080;\">C.<\/span><\/strong> Una descripci\u00f3n de los riesgos m\u00e1s significativos asociados con el procedimiento (da\u00f1o o riesgo significativo es aquel que toda persona razonable desear\u00eda conocer).<\/span><\/p>\n<p style=\"padding-left: 30px;\" align=\"LEFT\"><span style=\"color: #000000;\"><strong><span style=\"color: #808080;\">D.<\/span><\/strong> Una recomendaci\u00f3n del m\u00e9dico que asegure que los beneficios justifican los riesgos.<\/span><\/p>\n<p style=\"padding-left: 30px;\" align=\"LEFT\"><span style=\"color: #000000;\"><strong><span style=\"color: #808080;\">E.<\/span><\/strong> Una descripci\u00f3n de las alternativas al tratamiento propuesto incluyendo el no tratar.<\/span><\/p>\n<p style=\"padding-left: 30px;\" align=\"LEFT\"><span style=\"color: #000000;\"><strong><span style=\"color: #808080;\">F.<\/span><\/strong> El documento debe animar al paciente a preguntar toda inquietud que pueda tener acerca del procedimiento. Tambi\u00e9n le debe informar que puede abandonar el tratamiento, por decisi\u00f3n racional y aut\u00f3noma.<\/span><\/p>\n<p style=\"padding-left: 30px;\" align=\"LEFT\"><span style=\"color: #000000;\"><strong><span style=\"color: #808080;\">G.<\/span><\/strong> El documento debe declarar que si el paciente rechaza el tratamiento que se le recomienda, o lo suspende una vez iniciado, puede continuar recibiendo atenci\u00f3n medica en la instituci\u00f3n.<\/span><\/p>\n<p><span style=\"color: #007970;\"><em><strong>CARACTER\u00cdSTICAS DEL CONSENTIMIENTO INFORMADO<\/strong><\/em><\/span><\/p>\n<p><span style=\"color: #000000;\"><span style=\"color: #007970;\"><strong>Revelaci\u00f3n de la informaci\u00f3n:<\/strong><\/span> La informaci\u00f3n debe ser veraz y en marco de orientaci\u00f3n emocional oportuna, informaci\u00f3n completa, clara, real, f\u00e1cil comprensi\u00f3n, apropiada a las condiciones psicol\u00f3gicas, culturales y nivel educativo, indicando procedimientos, riesgos y efectos sobre su vida y salud para que pueda adoptar decisi\u00f3n informada sobre el procedimiento.<\/span><\/p>\n<p><span style=\"color: #000000;\"><span style=\"color: #007970;\"><strong>Comprensi\u00f3n de la informaci\u00f3n:<\/strong><\/span> Verificar que ha comprendido la informaci\u00f3n proporcionada por el m\u00e9dico, especialista y \/ o profesional de la salud.\u00a0<\/span><\/p>\n<p><span style=\"color: #000000;\"><span style=\"color: #007970;\"><strong>Consentimiento voluntario:<\/strong><\/span> El formato debe ser entregado por el m\u00e9dico con tiempo suficiente para ser le\u00eddo y comprendido por los usuarios potenciales.<\/span><\/p>\n<p><span style=\"color: #000000;\"><span style=\"color: #007970;\"><strong>Competencia para consentir:<\/strong><\/span> Busca a la persona indicada por ley para dar el consentimiento. Requiere especial cuidado en caso de menores o en caso de violencia intrafamiliar.<\/span><\/p>\n<p><span style=\"color: #007970;\"><em><strong>PROCEDIMIENTO PARA OBTENER EL CONSENTIMIENTO INFORMADO<\/strong><\/em><\/span><\/p>\n<ul>\n<li><span style=\"color: #000000;\">El m\u00e9dico especialista y\/ o profesional de la salud debe dar explicaciones verbales en lenguaje sencillo del procedimiento a realizar incluyendo beneficios, riesgos y complicaciones.<\/span><\/li>\n<li><span style=\"color: #000000;\">El m\u00e9dico y\/o profesional de la salud debe dar tiempo adicional al paciente para resolver preguntas que surjan a fin de que no queden dudas.<\/span><\/li>\n<li><span style=\"color: #000000;\">Entregar\u00e1 formato con tiempo suficiente para ser le\u00eddo y comprendido por el usuario o persona o representante legal.<\/span><\/li>\n<li><span style=\"color: #000000;\">Se debe informar tambi\u00e9n, que en futuro se puede cambiar de opini\u00f3n y revocar el consentimiento por simple decisi\u00f3n.<\/span><\/li>\n<li><span style=\"color: #000000;\">El formato debe ser firmado y anexado a la historia cl\u00ednica, consignando en ella la fecha de la anexi\u00f3n.<\/span><\/li>\n<\/ul>\n<p><span style=\"color: #007970;\"><strong><em>CRITERIO DE CALIDAD<\/em><\/strong><\/span><\/p>\n<p><span style=\"color: #000000;\">Cada consentimiento informado debe ser diligenciado en su totalidad y debe ajustarse a los pasos establecidos en la gu\u00eda de procedimiento.<\/span><\/p>\n<p><span style=\"color: #007970;\"><strong><em>BIBLIOGRAF\u00cdA<\/em><\/strong><\/span><\/p>\n<p><span style=\"color: #000000;\">RINCON Hern\u00e1n. SALAZAR Juan y CONGOTE Adolfo. El Consentimiento Informado de la Fundaci\u00f3n Valle de Lili. Colombia M\u00e9dica. Volumen 30 N\u00ba 2, 1999<\/span><\/p>\n<p><span style=\"color: #000000;\">MALDONADO Olga. Consentimiento Informado. Pontificia Universidad Javeriana. www.sideme.org\/doctrina\/index.html<\/span><\/p>\n ","protected":false},"excerpt":{"rendered":"<p>DEFINICI\u00d3N: El consentimiento informado escrito es el documento que busca dar fe de la autorizaci\u00f3n que un paciente o representante legal emite para que se realice un procedimiento m\u00e9dico quir\u00fargico. PRINCIPIOS 1. Se invita a los m\u00e9dicos para que aplacen, en lo posible, todo procedimiento medico importante, si existe raz\u00f3n para pensar que el paciente [&hellip;]<\/p>\n","protected":false},"author":1,"featured_media":0,"parent":0,"menu_order":0,"comment_status":"closed","ping_status":"closed","template":"","meta":{"_cbd_carousel_blocks":"[]","footnotes":""},"class_list":["post-113","page","type-page","status-publish","hentry"],"yoast_head":"<!-- This site is optimized with the Yoast SEO plugin v27.5 - https:\/\/yoast.com\/product\/yoast-seo-wordpress\/ -->\n<title>Consentimiento Informado - Fundaci&oacute;n San Jos&eacute; Buga<\/title>\n<meta name=\"robots\" content=\"index, follow, max-snippet:-1, max-image-preview:large, max-video-preview:-1\" \/>\n<link rel=\"canonical\" href=\"https:\/\/www.fsjb.org\/web\/?page_id=113\" \/>\n<meta property=\"og:locale\" content=\"es_ES\" \/>\n<meta property=\"og:type\" content=\"article\" \/>\n<meta property=\"og:title\" content=\"Consentimiento Informado - Fundaci&oacute;n San Jos&eacute; Buga\" \/>\n<meta property=\"og:description\" content=\"DEFINICI\u00d3N: El consentimiento informado escrito es el documento que busca dar fe de la autorizaci\u00f3n que un paciente o representante legal emite para que se realice un procedimiento m\u00e9dico quir\u00fargico. PRINCIPIOS 1. Se invita a los m\u00e9dicos para que aplacen, en lo posible, todo procedimiento medico importante, si existe raz\u00f3n para pensar que el paciente [&hellip;]\" \/>\n<meta property=\"og:url\" content=\"https:\/\/www.fsjb.org\/web\/?page_id=113\" \/>\n<meta property=\"og:site_name\" content=\"Fundaci&oacute;n San Jos&eacute; Buga\" \/>\n<meta property=\"article:publisher\" content=\"https:\/\/www.facebook.com\/fundacionsanjosebuga\/\" \/>\n<meta property=\"article:modified_time\" content=\"2018-08-14T20:29:02+00:00\" \/>\n<meta name=\"twitter:card\" content=\"summary_large_image\" \/>\n<meta name=\"twitter:label1\" content=\"Tiempo de lectura\" \/>\n\t<meta name=\"twitter:data1\" content=\"5 minutos\" \/>\n<script type=\"application\/ld+json\" class=\"yoast-schema-graph\">{\"@context\":\"https:\\\/\\\/schema.org\",\"@graph\":[{\"@type\":\"WebPage\",\"@id\":\"https:\\\/\\\/www.fsjb.org\\\/web\\\/?page_id=113\",\"url\":\"https:\\\/\\\/www.fsjb.org\\\/web\\\/?page_id=113\",\"name\":\"Consentimiento Informado - Fundaci&oacute;n San Jos&eacute; Buga\",\"isPartOf\":{\"@id\":\"https:\\\/\\\/www.fsjb.org\\\/web\\\/#website\"},\"datePublished\":\"2018-05-07T19:26:54+00:00\",\"dateModified\":\"2018-08-14T20:29:02+00:00\",\"breadcrumb\":{\"@id\":\"https:\\\/\\\/www.fsjb.org\\\/web\\\/?page_id=113#breadcrumb\"},\"inLanguage\":\"es\",\"potentialAction\":[{\"@type\":\"ReadAction\",\"target\":[\"https:\\\/\\\/www.fsjb.org\\\/web\\\/?page_id=113\"]}]},{\"@type\":\"BreadcrumbList\",\"@id\":\"https:\\\/\\\/www.fsjb.org\\\/web\\\/?page_id=113#breadcrumb\",\"itemListElement\":[{\"@type\":\"ListItem\",\"position\":1,\"name\":\"Portada\",\"item\":\"https:\\\/\\\/www.fsjb.org\\\/web\\\/\"},{\"@type\":\"ListItem\",\"position\":2,\"name\":\"Consentimiento Informado\"}]},{\"@type\":\"WebSite\",\"@id\":\"https:\\\/\\\/www.fsjb.org\\\/web\\\/#website\",\"url\":\"https:\\\/\\\/www.fsjb.org\\\/web\\\/\",\"name\":\"Fundaci\u00f3n San Jos\u00e9 Buga\",\"description\":\"Pagina web\",\"publisher\":{\"@id\":\"https:\\\/\\\/www.fsjb.org\\\/web\\\/#organization\"},\"potentialAction\":[{\"@type\":\"SearchAction\",\"target\":{\"@type\":\"EntryPoint\",\"urlTemplate\":\"https:\\\/\\\/www.fsjb.org\\\/web\\\/?s={search_term_string}\"},\"query-input\":{\"@type\":\"PropertyValueSpecification\",\"valueRequired\":true,\"valueName\":\"search_term_string\"}}],\"inLanguage\":\"es\"},{\"@type\":\"Organization\",\"@id\":\"https:\\\/\\\/www.fsjb.org\\\/web\\\/#organization\",\"name\":\"Fundaci\u00f3n San Jos\u00e9 Buga\",\"url\":\"https:\\\/\\\/www.fsjb.org\\\/web\\\/\",\"logo\":{\"@type\":\"ImageObject\",\"inLanguage\":\"es\",\"@id\":\"https:\\\/\\\/www.fsjb.org\\\/web\\\/#\\\/schema\\\/logo\\\/image\\\/\",\"url\":\"https:\\\/\\\/www.fsjb.org\\\/web\\\/wp-content\\\/uploads\\\/logo-n.png\",\"contentUrl\":\"https:\\\/\\\/www.fsjb.org\\\/web\\\/wp-content\\\/uploads\\\/logo-n.png\",\"width\":208,\"height\":166,\"caption\":\"Fundaci\u00f3n San Jos\u00e9 Buga\"},\"image\":{\"@id\":\"https:\\\/\\\/www.fsjb.org\\\/web\\\/#\\\/schema\\\/logo\\\/image\\\/\"},\"sameAs\":[\"https:\\\/\\\/www.facebook.com\\\/fundacionsanjosebuga\\\/\",\"https:\\\/\\\/co.linkedin.com\\\/company\\\/fsjb\"]}]}<\/script>\n<!-- \/ Yoast SEO plugin. -->","yoast_head_json":{"title":"Consentimiento Informado - Fundaci&oacute;n San Jos&eacute; Buga","robots":{"index":"index","follow":"follow","max-snippet":"max-snippet:-1","max-image-preview":"max-image-preview:large","max-video-preview":"max-video-preview:-1"},"canonical":"https:\/\/www.fsjb.org\/web\/?page_id=113","og_locale":"es_ES","og_type":"article","og_title":"Consentimiento Informado - Fundaci&oacute;n San Jos&eacute; Buga","og_description":"DEFINICI\u00d3N: El consentimiento informado escrito es el documento que busca dar fe de la autorizaci\u00f3n que un paciente o representante legal emite para que se realice un procedimiento m\u00e9dico quir\u00fargico. PRINCIPIOS 1. Se invita a los m\u00e9dicos para que aplacen, en lo posible, todo procedimiento medico importante, si existe raz\u00f3n para pensar que el paciente [&hellip;]","og_url":"https:\/\/www.fsjb.org\/web\/?page_id=113","og_site_name":"Fundaci&oacute;n San Jos&eacute; Buga","article_publisher":"https:\/\/www.facebook.com\/fundacionsanjosebuga\/","article_modified_time":"2018-08-14T20:29:02+00:00","twitter_card":"summary_large_image","twitter_misc":{"Tiempo de lectura":"5 minutos"},"schema":{"@context":"https:\/\/schema.org","@graph":[{"@type":"WebPage","@id":"https:\/\/www.fsjb.org\/web\/?page_id=113","url":"https:\/\/www.fsjb.org\/web\/?page_id=113","name":"Consentimiento Informado - Fundaci&oacute;n San Jos&eacute; Buga","isPartOf":{"@id":"https:\/\/www.fsjb.org\/web\/#website"},"datePublished":"2018-05-07T19:26:54+00:00","dateModified":"2018-08-14T20:29:02+00:00","breadcrumb":{"@id":"https:\/\/www.fsjb.org\/web\/?page_id=113#breadcrumb"},"inLanguage":"es","potentialAction":[{"@type":"ReadAction","target":["https:\/\/www.fsjb.org\/web\/?page_id=113"]}]},{"@type":"BreadcrumbList","@id":"https:\/\/www.fsjb.org\/web\/?page_id=113#breadcrumb","itemListElement":[{"@type":"ListItem","position":1,"name":"Portada","item":"https:\/\/www.fsjb.org\/web\/"},{"@type":"ListItem","position":2,"name":"Consentimiento Informado"}]},{"@type":"WebSite","@id":"https:\/\/www.fsjb.org\/web\/#website","url":"https:\/\/www.fsjb.org\/web\/","name":"Fundaci\u00f3n San Jos\u00e9 Buga","description":"Pagina web","publisher":{"@id":"https:\/\/www.fsjb.org\/web\/#organization"},"potentialAction":[{"@type":"SearchAction","target":{"@type":"EntryPoint","urlTemplate":"https:\/\/www.fsjb.org\/web\/?s={search_term_string}"},"query-input":{"@type":"PropertyValueSpecification","valueRequired":true,"valueName":"search_term_string"}}],"inLanguage":"es"},{"@type":"Organization","@id":"https:\/\/www.fsjb.org\/web\/#organization","name":"Fundaci\u00f3n San Jos\u00e9 Buga","url":"https:\/\/www.fsjb.org\/web\/","logo":{"@type":"ImageObject","inLanguage":"es","@id":"https:\/\/www.fsjb.org\/web\/#\/schema\/logo\/image\/","url":"https:\/\/www.fsjb.org\/web\/wp-content\/uploads\/logo-n.png","contentUrl":"https:\/\/www.fsjb.org\/web\/wp-content\/uploads\/logo-n.png","width":208,"height":166,"caption":"Fundaci\u00f3n San Jos\u00e9 Buga"},"image":{"@id":"https:\/\/www.fsjb.org\/web\/#\/schema\/logo\/image\/"},"sameAs":["https:\/\/www.facebook.com\/fundacionsanjosebuga\/","https:\/\/co.linkedin.com\/company\/fsjb"]}]}},"_links":{"self":[{"href":"https:\/\/www.fsjb.org\/web\/index.php?rest_route=\/wp\/v2\/pages\/113","targetHints":{"allow":["GET"]}}],"collection":[{"href":"https:\/\/www.fsjb.org\/web\/index.php?rest_route=\/wp\/v2\/pages"}],"about":[{"href":"https:\/\/www.fsjb.org\/web\/index.php?rest_route=\/wp\/v2\/types\/page"}],"author":[{"embeddable":true,"href":"https:\/\/www.fsjb.org\/web\/index.php?rest_route=\/wp\/v2\/users\/1"}],"replies":[{"embeddable":true,"href":"https:\/\/www.fsjb.org\/web\/index.php?rest_route=%2Fwp%2Fv2%2Fcomments&post=113"}],"version-history":[{"count":0,"href":"https:\/\/www.fsjb.org\/web\/index.php?rest_route=\/wp\/v2\/pages\/113\/revisions"}],"wp:attachment":[{"href":"https:\/\/www.fsjb.org\/web\/index.php?rest_route=%2Fwp%2Fv2%2Fmedia&parent=113"}],"curies":[{"name":"wp","href":"https:\/\/api.w.org\/{rel}","templated":true}]}}