{"id":110,"date":"2018-05-07T19:26:53","date_gmt":"2018-05-07T19:26:53","guid":{"rendered":"http:\/\/localhost\/?page_id=110"},"modified":"2018-08-14T19:55:14","modified_gmt":"2018-08-14T19:55:14","slug":"trabajamos-hacia","status":"publish","type":"page","link":"https:\/\/www.fsjb.org\/web\/?page_id=110","title":{"rendered":"Trabajamos Hacia"},"content":{"rendered":"<h1><span style=\"color: #007970;\">ACREDITACI\u00d3N: Nuestra meta!<\/span><\/h1>\n<p><span style=\"color: #000000;\">Con base en el Manual de Est\u00e1ndares para la acreditaci\u00f3n de Instituciones Prestadoras de Servicios de Salud, se presentan las recomendaciones que guiaran el proceso de preparaci\u00f3n para la acreditaci\u00f3n de Nuestra Instituci\u00f3n.<\/span><\/p>\n<p><span style=\"color: #000000;\">El proceso de atenci\u00f3n al paciente, en forma general pretende se\u00f1alar el camino l\u00f3gico de la relaci\u00f3n paciente \u2013 organizaci\u00f3n, mediante una serie de pasos que integran, de manera coordinada las diferentes personas, servicios y elementos clave de la atenci\u00f3n frente al paciente y su familia.<\/span><\/p>\n<p><span style=\"color: #000000;\">La organizaci\u00f3n debe garantizar que se ofrezcan servicios de calidad dentro de un ambiente de trabajo seguro, para ello es importante que todos conozcamos y demos a conocer al paciente y familia aspectos relacionados con:<\/span><\/p>\n<ul>\n<li>\n<div align=\"LEFT\"><span style=\"color: #000000;\">Derechos y deberes de los Pacientes<\/span><\/div>\n<\/li>\n<li>\n<div align=\"LEFT\"><span style=\"color: #000000;\">Proceso de atenci\u00f3n al cliente desde su ingreso hasta el egreso<\/span><\/div>\n<\/li>\n<li>\n<div align=\"LEFT\"><span style=\"color: #000000;\">Pol\u00edtica de seguridad del paciente<\/span><\/div>\n<\/li>\n<\/ul>\n<h2><span style=\"color: #007970;\"><strong>Qu\u00e9 esperamos de usted?<\/strong><\/span><\/h2>\n<ul>\n<li><span style=\"color: #000000;\">Su compromiso para que las recomendaciones\u00a0registradas sean introyectadas e incluidas en el\u00a0quehacer diario,<\/span><\/li>\n<li><span style=\"color: #000000;\">Que el paciente sea el eje central de la atenci\u00f3n,<\/span><\/li>\n<li><span style=\"color: #000000;\">Que se eduque e informe al paciente y familia de cada proceso o actividad que se requiera <\/span>durante su atenci\u00f3n.<\/li>\n<\/ul>\n ","protected":false},"excerpt":{"rendered":"<p>ACREDITACI\u00d3N: Nuestra meta! Con base en el Manual de Est\u00e1ndares para la acreditaci\u00f3n de Instituciones Prestadoras de Servicios de Salud, se presentan las recomendaciones que guiaran el proceso de preparaci\u00f3n para la acreditaci\u00f3n de Nuestra Instituci\u00f3n. El proceso de atenci\u00f3n al paciente, en forma general pretende se\u00f1alar el camino l\u00f3gico de la relaci\u00f3n paciente \u2013 [&hellip;]<\/p>\n","protected":false},"author":1,"featured_media":0,"parent":0,"menu_order":0,"comment_status":"closed","ping_status":"closed","template":"","meta":{"_cbd_carousel_blocks":"[]","footnotes":""},"class_list":["post-110","page","type-page","status-publish","hentry"],"yoast_head":"<!-- This site is optimized with the Yoast SEO plugin v27.5 - https:\/\/yoast.com\/product\/yoast-seo-wordpress\/ -->\n<title>Trabajamos Hacia - Fundaci&oacute;n San Jos&eacute; Buga<\/title>\n<meta name=\"robots\" content=\"index, follow, max-snippet:-1, max-image-preview:large, max-video-preview:-1\" \/>\n<link rel=\"canonical\" href=\"https:\/\/www.fsjb.org\/web\/?page_id=110\" \/>\n<meta property=\"og:locale\" content=\"es_ES\" \/>\n<meta property=\"og:type\" content=\"article\" \/>\n<meta property=\"og:title\" content=\"Trabajamos Hacia - Fundaci&oacute;n San Jos&eacute; Buga\" \/>\n<meta property=\"og:description\" content=\"ACREDITACI\u00d3N: Nuestra meta! Con base en el Manual de Est\u00e1ndares para la acreditaci\u00f3n de Instituciones Prestadoras de Servicios de Salud, se presentan las recomendaciones que guiaran el proceso de preparaci\u00f3n para la acreditaci\u00f3n de Nuestra Instituci\u00f3n. El proceso de atenci\u00f3n al paciente, en forma general pretende se\u00f1alar el camino l\u00f3gico de la relaci\u00f3n paciente \u2013 [&hellip;]\" \/>\n<meta property=\"og:url\" content=\"https:\/\/www.fsjb.org\/web\/?page_id=110\" \/>\n<meta property=\"og:site_name\" content=\"Fundaci&oacute;n San Jos&eacute; Buga\" \/>\n<meta property=\"article:publisher\" content=\"https:\/\/www.facebook.com\/fundacionsanjosebuga\/\" \/>\n<meta property=\"article:modified_time\" content=\"2018-08-14T19:55:14+00:00\" \/>\n<meta name=\"twitter:card\" content=\"summary_large_image\" \/>\n<meta name=\"twitter:label1\" content=\"Tiempo de lectura\" \/>\n\t<meta name=\"twitter:data1\" content=\"1 minuto\" \/>\n<script type=\"application\/ld+json\" class=\"yoast-schema-graph\">{\"@context\":\"https:\\\/\\\/schema.org\",\"@graph\":[{\"@type\":\"WebPage\",\"@id\":\"https:\\\/\\\/www.fsjb.org\\\/web\\\/?page_id=110\",\"url\":\"https:\\\/\\\/www.fsjb.org\\\/web\\\/?page_id=110\",\"name\":\"Trabajamos Hacia - Fundaci&oacute;n San Jos&eacute; Buga\",\"isPartOf\":{\"@id\":\"https:\\\/\\\/www.fsjb.org\\\/web\\\/#website\"},\"datePublished\":\"2018-05-07T19:26:53+00:00\",\"dateModified\":\"2018-08-14T19:55:14+00:00\",\"breadcrumb\":{\"@id\":\"https:\\\/\\\/www.fsjb.org\\\/web\\\/?page_id=110#breadcrumb\"},\"inLanguage\":\"es\",\"potentialAction\":[{\"@type\":\"ReadAction\",\"target\":[\"https:\\\/\\\/www.fsjb.org\\\/web\\\/?page_id=110\"]}]},{\"@type\":\"BreadcrumbList\",\"@id\":\"https:\\\/\\\/www.fsjb.org\\\/web\\\/?page_id=110#breadcrumb\",\"itemListElement\":[{\"@type\":\"ListItem\",\"position\":1,\"name\":\"Portada\",\"item\":\"https:\\\/\\\/www.fsjb.org\\\/web\\\/\"},{\"@type\":\"ListItem\",\"position\":2,\"name\":\"Trabajamos Hacia\"}]},{\"@type\":\"WebSite\",\"@id\":\"https:\\\/\\\/www.fsjb.org\\\/web\\\/#website\",\"url\":\"https:\\\/\\\/www.fsjb.org\\\/web\\\/\",\"name\":\"Fundaci\u00f3n San Jos\u00e9 Buga\",\"description\":\"Pagina web\",\"publisher\":{\"@id\":\"https:\\\/\\\/www.fsjb.org\\\/web\\\/#organization\"},\"potentialAction\":[{\"@type\":\"SearchAction\",\"target\":{\"@type\":\"EntryPoint\",\"urlTemplate\":\"https:\\\/\\\/www.fsjb.org\\\/web\\\/?s={search_term_string}\"},\"query-input\":{\"@type\":\"PropertyValueSpecification\",\"valueRequired\":true,\"valueName\":\"search_term_string\"}}],\"inLanguage\":\"es\"},{\"@type\":\"Organization\",\"@id\":\"https:\\\/\\\/www.fsjb.org\\\/web\\\/#organization\",\"name\":\"Fundaci\u00f3n San Jos\u00e9 Buga\",\"url\":\"https:\\\/\\\/www.fsjb.org\\\/web\\\/\",\"logo\":{\"@type\":\"ImageObject\",\"inLanguage\":\"es\",\"@id\":\"https:\\\/\\\/www.fsjb.org\\\/web\\\/#\\\/schema\\\/logo\\\/image\\\/\",\"url\":\"https:\\\/\\\/www.fsjb.org\\\/web\\\/wp-content\\\/uploads\\\/logo-n.png\",\"contentUrl\":\"https:\\\/\\\/www.fsjb.org\\\/web\\\/wp-content\\\/uploads\\\/logo-n.png\",\"width\":208,\"height\":166,\"caption\":\"Fundaci\u00f3n San Jos\u00e9 Buga\"},\"image\":{\"@id\":\"https:\\\/\\\/www.fsjb.org\\\/web\\\/#\\\/schema\\\/logo\\\/image\\\/\"},\"sameAs\":[\"https:\\\/\\\/www.facebook.com\\\/fundacionsanjosebuga\\\/\",\"https:\\\/\\\/co.linkedin.com\\\/company\\\/fsjb\"]}]}<\/script>\n<!-- \/ Yoast SEO plugin. -->","yoast_head_json":{"title":"Trabajamos Hacia - Fundaci&oacute;n San Jos&eacute; Buga","robots":{"index":"index","follow":"follow","max-snippet":"max-snippet:-1","max-image-preview":"max-image-preview:large","max-video-preview":"max-video-preview:-1"},"canonical":"https:\/\/www.fsjb.org\/web\/?page_id=110","og_locale":"es_ES","og_type":"article","og_title":"Trabajamos Hacia - Fundaci&oacute;n San Jos&eacute; Buga","og_description":"ACREDITACI\u00d3N: Nuestra meta! Con base en el Manual de Est\u00e1ndares para la acreditaci\u00f3n de Instituciones Prestadoras de Servicios de Salud, se presentan las recomendaciones que guiaran el proceso de preparaci\u00f3n para la acreditaci\u00f3n de Nuestra Instituci\u00f3n. El proceso de atenci\u00f3n al paciente, en forma general pretende se\u00f1alar el camino l\u00f3gico de la relaci\u00f3n paciente \u2013 [&hellip;]","og_url":"https:\/\/www.fsjb.org\/web\/?page_id=110","og_site_name":"Fundaci&oacute;n San Jos&eacute; Buga","article_publisher":"https:\/\/www.facebook.com\/fundacionsanjosebuga\/","article_modified_time":"2018-08-14T19:55:14+00:00","twitter_card":"summary_large_image","twitter_misc":{"Tiempo de lectura":"1 minuto"},"schema":{"@context":"https:\/\/schema.org","@graph":[{"@type":"WebPage","@id":"https:\/\/www.fsjb.org\/web\/?page_id=110","url":"https:\/\/www.fsjb.org\/web\/?page_id=110","name":"Trabajamos Hacia - Fundaci&oacute;n San Jos&eacute; Buga","isPartOf":{"@id":"https:\/\/www.fsjb.org\/web\/#website"},"datePublished":"2018-05-07T19:26:53+00:00","dateModified":"2018-08-14T19:55:14+00:00","breadcrumb":{"@id":"https:\/\/www.fsjb.org\/web\/?page_id=110#breadcrumb"},"inLanguage":"es","potentialAction":[{"@type":"ReadAction","target":["https:\/\/www.fsjb.org\/web\/?page_id=110"]}]},{"@type":"BreadcrumbList","@id":"https:\/\/www.fsjb.org\/web\/?page_id=110#breadcrumb","itemListElement":[{"@type":"ListItem","position":1,"name":"Portada","item":"https:\/\/www.fsjb.org\/web\/"},{"@type":"ListItem","position":2,"name":"Trabajamos Hacia"}]},{"@type":"WebSite","@id":"https:\/\/www.fsjb.org\/web\/#website","url":"https:\/\/www.fsjb.org\/web\/","name":"Fundaci\u00f3n San Jos\u00e9 Buga","description":"Pagina web","publisher":{"@id":"https:\/\/www.fsjb.org\/web\/#organization"},"potentialAction":[{"@type":"SearchAction","target":{"@type":"EntryPoint","urlTemplate":"https:\/\/www.fsjb.org\/web\/?s={search_term_string}"},"query-input":{"@type":"PropertyValueSpecification","valueRequired":true,"valueName":"search_term_string"}}],"inLanguage":"es"},{"@type":"Organization","@id":"https:\/\/www.fsjb.org\/web\/#organization","name":"Fundaci\u00f3n San Jos\u00e9 Buga","url":"https:\/\/www.fsjb.org\/web\/","logo":{"@type":"ImageObject","inLanguage":"es","@id":"https:\/\/www.fsjb.org\/web\/#\/schema\/logo\/image\/","url":"https:\/\/www.fsjb.org\/web\/wp-content\/uploads\/logo-n.png","contentUrl":"https:\/\/www.fsjb.org\/web\/wp-content\/uploads\/logo-n.png","width":208,"height":166,"caption":"Fundaci\u00f3n San Jos\u00e9 Buga"},"image":{"@id":"https:\/\/www.fsjb.org\/web\/#\/schema\/logo\/image\/"},"sameAs":["https:\/\/www.facebook.com\/fundacionsanjosebuga\/","https:\/\/co.linkedin.com\/company\/fsjb"]}]}},"_links":{"self":[{"href":"https:\/\/www.fsjb.org\/web\/index.php?rest_route=\/wp\/v2\/pages\/110","targetHints":{"allow":["GET"]}}],"collection":[{"href":"https:\/\/www.fsjb.org\/web\/index.php?rest_route=\/wp\/v2\/pages"}],"about":[{"href":"https:\/\/www.fsjb.org\/web\/index.php?rest_route=\/wp\/v2\/types\/page"}],"author":[{"embeddable":true,"href":"https:\/\/www.fsjb.org\/web\/index.php?rest_route=\/wp\/v2\/users\/1"}],"replies":[{"embeddable":true,"href":"https:\/\/www.fsjb.org\/web\/index.php?rest_route=%2Fwp%2Fv2%2Fcomments&post=110"}],"version-history":[{"count":0,"href":"https:\/\/www.fsjb.org\/web\/index.php?rest_route=\/wp\/v2\/pages\/110\/revisions"}],"wp:attachment":[{"href":"https:\/\/www.fsjb.org\/web\/index.php?rest_route=%2Fwp%2Fv2%2Fmedia&parent=110"}],"curies":[{"name":"wp","href":"https:\/\/api.w.org\/{rel}","templated":true}]}}