{"id":1077,"date":"2020-05-20T11:06:43","date_gmt":"2020-05-20T16:06:43","guid":{"rendered":"http:\/\/www.fhsjb.org\/web\/?page_id=1077"},"modified":"2026-04-06T12:20:01","modified_gmt":"2026-04-06T17:20:01","slug":"donaciones-2","status":"publish","type":"page","link":"https:\/\/www.fsjb.org\/web\/?page_id=1077","title":{"rendered":"DONACIONES FUNDACI\u00d3N SAN JOS\u00c9 DE BUGA"},"content":{"rendered":"\r\n<figure class=\"wp-block-image size-large\"><img loading=\"lazy\" decoding=\"async\" width=\"1024\" height=\"436\" class=\"wp-image-2264\" src=\"https:\/\/www.fsjb.org\/web\/wp-content\/uploads\/WhatsApp-Image-2025-05-06-at-8.17.40-AM-1-1024x436.jpeg\" alt=\"\" srcset=\"https:\/\/www.fsjb.org\/web\/wp-content\/uploads\/WhatsApp-Image-2025-05-06-at-8.17.40-AM-1-1024x436.jpeg 1024w, https:\/\/www.fsjb.org\/web\/wp-content\/uploads\/WhatsApp-Image-2025-05-06-at-8.17.40-AM-1-300x128.jpeg 300w, https:\/\/www.fsjb.org\/web\/wp-content\/uploads\/WhatsApp-Image-2025-05-06-at-8.17.40-AM-1-768x327.jpeg 768w, https:\/\/www.fsjb.org\/web\/wp-content\/uploads\/WhatsApp-Image-2025-05-06-at-8.17.40-AM-1-1536x655.jpeg 1536w, https:\/\/www.fsjb.org\/web\/wp-content\/uploads\/WhatsApp-Image-2025-05-06-at-8.17.40-AM-1-2048x873.jpeg 2048w\" sizes=\"auto, (max-width: 1024px) 100vw, 1024px\" \/><\/figure>\r\n\r\n\r\n\r\n<p class=\"has-text-align-center has-very-dark-gray-color has-text-color\" style=\"font-size: 17px;\"><strong>La Fundaci\u00f3n San Jos\u00e9 de Buga es una entidad privada, sin \u00e1nimo de lucro, que presta servicios de salud de mediana y alta complejidad en Buga, Valle del Cauca, Colombia. Desde nuestra Fundaci\u00f3n lideramos iniciativas de responsabilidad y bienestar social para brindar atenci\u00f3n en salud a las comunidades m\u00e1s vulnerables del pa\u00eds<\/strong>.<\/p>\r\n\r\n\r\n\r\n<div class=\"wp-block-columns is-layout-flex wp-container-core-columns-is-layout-9d6595d7 wp-block-columns-is-layout-flex\">\r\n<div class=\"wp-block-column is-layout-flow wp-block-column-is-layout-flow\">\r\n<figure class=\"wp-block-embed is-type-video is-provider-youtube wp-block-embed-youtube wp-embed-aspect-16-9 wp-has-aspect-ratio\">\r\n<div class=\"wp-block-embed__wrapper\">\r\n<p><iframe loading=\"lazy\" title=\"La historia de Emily\" width=\"640\" height=\"360\" src=\"https:\/\/www.youtube.com\/embed\/ex16XG6deFE?feature=oembed\" frameborder=\"0\" allow=\"accelerometer; autoplay; clipboard-write; encrypted-media; gyroscope; picture-in-picture; web-share\" referrerpolicy=\"strict-origin-when-cross-origin\" allowfullscreen><\/iframe><\/p>\r\n<\/div>\r\n<\/figure>\r\n<\/div>\r\n\r\n\r\n\r\n<div class=\"wp-block-column is-layout-flow wp-block-column-is-layout-flow\">\r\n<p class=\"has-text-align-center\"><strong>JORNADAS DE ORTOPEDIA INFANTIL<\/strong><br \/>En el a\u00f1o 2025, realizamos la jornada #60&#8230; una actividad cargada de amor, que se realiza en alianza con la\u00a0<strong>Fundaci\u00f3n Casa de Colombia y la Silver Service Children\u00b4s Foundation<\/strong>, para brindar una atenci\u00f3n integral a ni\u00f1os con enfermedades cong\u00e9nitas y motoras.<\/p>\r\n<\/div>\r\n<\/div>\r\n\r\n\r\n\r\n<p>&nbsp;<\/p>\r\n\r\n\r\n\r\n<div class=\"wp-block-buttons is-content-justification-center is-layout-flex wp-container-core-buttons-is-layout-5e6b19ed wp-block-buttons-is-layout-flex\">\r\n<div class=\"wp-block-button is-style-fill\"><a class=\"wp-block-button__link has-midnight-gradient-background has-background wp-element-button\" href=\"https:\/\/www.fsjb.org\/web\/?p=2381\">DONAR A ESTA CAUSA<\/a><\/div>\r\n<\/div>\r\n\r\n\r\n\r\n<p>&nbsp;<\/p>\r\n\r\n\r\n\r\n<div class=\"wp-block-columns is-layout-flex wp-container-core-columns-is-layout-9d6595d7 wp-block-columns-is-layout-flex\">\r\n<div class=\"wp-block-column is-layout-flow wp-block-column-is-layout-flow\">\r\n<figure class=\"wp-block-embed is-type-video is-provider-youtube wp-block-embed-youtube wp-embed-aspect-16-9 wp-has-aspect-ratio\">\r\n<div class=\"wp-block-embed__wrapper\">\r\n<p><iframe loading=\"lazy\" title=\"Proyecto Energ\u00eda Fotovolt\u00e1ica FSJB\" width=\"640\" height=\"360\" src=\"https:\/\/www.youtube.com\/embed\/nEq46KgH1nU?feature=oembed\" frameborder=\"0\" allow=\"accelerometer; autoplay; clipboard-write; encrypted-media; gyroscope; picture-in-picture; web-share\" referrerpolicy=\"strict-origin-when-cross-origin\" allowfullscreen><\/iframe><\/p>\r\n<\/div>\r\n<\/figure>\r\n<\/div>\r\n\r\n\r\n\r\n<div class=\"wp-block-column is-layout-flow wp-block-column-is-layout-flow\">\r\n<p class=\"has-text-align-center\"><strong>PROYECTO ENERG\u00cdA FOTOVOLTAICA<\/strong><\/p>\r\n\r\n\r\n\r\n<p class=\"has-text-align-center\">En la Fundaci\u00f3n San Jos\u00e9 de Buga, estamos comprometidos con los ni\u00f1os, las mujeres y el medio ambiente. Por eso estamos trabajando en un innovador proyecto que articula el cuidado del medio ambiente, generando reducci\u00f3n de costos que podr\u00e1 ser reinvertida en los servicios materno infantiles. <strong>T\u00fa tambi\u00e9n puedes decir: \u00a1S\u00ed a la vida! con tu donaci\u00f3n.<\/strong><\/p>\r\n<\/div>\r\n<\/div>\r\n\r\n\r\n\r\n<div class=\"wp-block-buttons is-content-justification-center is-layout-flex wp-container-core-buttons-is-layout-5e6b19ed wp-block-buttons-is-layout-flex\">\r\n<div class=\"wp-block-button is-style-fill\"><a class=\"wp-block-button__link has-midnight-gradient-background has-background wp-element-button\" href=\"https:\/\/www.fsjb.org\/web\/?p=2381\">DONAR A ESTA CAUSA<\/a><\/div>\r\n<\/div>\r\n\r\n\r\n\r\n<p>&nbsp;<\/p>\r\n\r\n\r\n\r\n<div class=\"wp-block-media-text is-stacked-on-mobile\">\r\n<figure class=\"wp-block-media-text__media\"><img loading=\"lazy\" decoding=\"async\" width=\"1024\" height=\"1024\" class=\"wp-image-2269 size-full\" src=\"https:\/\/www.fsjb.org\/web\/wp-content\/uploads\/UCIN-PAGINA-1-1024x1024.png\" alt=\"\" srcset=\"https:\/\/www.fsjb.org\/web\/wp-content\/uploads\/UCIN-PAGINA-1-1024x1024.png 1024w, https:\/\/www.fsjb.org\/web\/wp-content\/uploads\/UCIN-PAGINA-1-300x300.png 300w, https:\/\/www.fsjb.org\/web\/wp-content\/uploads\/UCIN-PAGINA-1-150x150.png 150w, https:\/\/www.fsjb.org\/web\/wp-content\/uploads\/UCIN-PAGINA-1-768x768.png 768w, https:\/\/www.fsjb.org\/web\/wp-content\/uploads\/UCIN-PAGINA-1-500x500.png 500w, https:\/\/www.fsjb.org\/web\/wp-content\/uploads\/UCIN-PAGINA-1.png 1080w\" sizes=\"auto, (max-width: 1024px) 100vw, 1024px\" \/><\/figure>\r\n<div class=\"wp-block-media-text__content\">\r\n<p class=\"has-text-align-center\"><strong>UNIDAD DE CUIDADOS INTENSIVOS NEONATAL<\/strong><\/p>\r\n\r\n\r\n\r\n<p>Desde el 19 septiembre de 2005, la Fundaci\u00f3n San Jos\u00e9 de Buga ha prestado su servicio ininterrumpido a los beb\u00e9s prematuros de la regi\u00f3n. Gestionando a trav\u00e9s de benefactores la tecnolog\u00eda necesaria para salvar vidas. Este servicio no genera rentabilidad, por esa raz\u00f3n, muchas cl\u00ednicas y hospitales cercanos han cerrado sus puertas. Ay\u00fadanos a continuar impulsando la vida.<\/p>\r\n<\/div>\r\n<\/div>\r\n\r\n\r\n\r\n<p>&nbsp;<\/p>\r\n\r\n\r\n\r\n<div class=\"wp-block-buttons is-content-justification-center is-layout-flex wp-container-core-buttons-is-layout-5e6b19ed wp-block-buttons-is-layout-flex\">\r\n<div class=\"wp-block-button is-style-fill\"><a class=\"wp-block-button__link has-midnight-gradient-background has-background wp-element-button\" href=\"https:\/\/www.fsjb.org\/web\/?p=2381\">DONAR A ESTA CAUSA<\/a><\/div>\r\n<\/div>\r\n\r\n\r\n\r\n<p class=\"has-very-dark-gray-color has-text-color has-medium-font-size\"><strong>Otras formas de donar:<\/strong><\/p>\r\n\r\n\r\n\r\n<p class=\"has-very-dark-gray-color has-text-color\" style=\"font-size: 17px;\">Puedes hacerlo a trav\u00e9s de nuestros botones de pago o por transferencia bancaria:<\/p>\r\n\r\n\r\n\r\n<p class=\"has-white-color has-black-background-color has-text-color has-background\" style=\"font-size: 21px;\"><strong>FUNDACI\u00d3N SAN JOSE DE BUGA<br \/>NIT 891.380.054-1<br \/>Cuenta de Ahorros No. 188-71276-4<\/strong><br \/><br \/>*Si tienes alguna inquietud o requieres apoyo en tu proceso de donaci\u00f3n, cont\u00e1ctanos a trav\u00e9s de WhatsApp a la l\u00ednea (+57) 3167595355*<\/p>\r\n<p><a href=\"https:\/\/www.fsjb.org\/web\/wp-content\/uploads\/WhatsApp-Image-2026-03-31-at-3.00.23-PM.jpeg\"><img loading=\"lazy\" decoding=\"async\" class=\"alignnone  wp-image-2441\" src=\"https:\/\/www.fsjb.org\/web\/wp-content\/uploads\/WhatsApp-Image-2026-03-31-at-3.00.23-PM-225x300.jpeg\" alt=\"\" width=\"428\" height=\"570\" srcset=\"https:\/\/www.fsjb.org\/web\/wp-content\/uploads\/WhatsApp-Image-2026-03-31-at-3.00.23-PM-225x300.jpeg 225w, https:\/\/www.fsjb.org\/web\/wp-content\/uploads\/WhatsApp-Image-2026-03-31-at-3.00.23-PM-769x1024.jpeg 769w, https:\/\/www.fsjb.org\/web\/wp-content\/uploads\/WhatsApp-Image-2026-03-31-at-3.00.23-PM-768x1023.jpeg 768w, https:\/\/www.fsjb.org\/web\/wp-content\/uploads\/WhatsApp-Image-2026-03-31-at-3.00.23-PM.jpeg 1080w\" sizes=\"auto, (max-width: 428px) 100vw, 428px\" \/><\/a><\/p>\r\n\r\n\r\n\r\n<p>&nbsp;<\/p>\r\n\r\n\r\n\r\n<div class=\"wp-block-columns is-layout-flex wp-container-core-columns-is-layout-9d6595d7 wp-block-columns-is-layout-flex\">\r\n<div class=\"wp-block-column is-layout-flow wp-block-column-is-layout-flow\">\r\n<figure class=\"wp-block-image size-large is-resized\"><img loading=\"lazy\" decoding=\"async\" width=\"1024\" height=\"422\" class=\"wp-image-2388\" style=\"width: 260px; height: auto;\" src=\"https:\/\/www.fsjb.org\/web\/wp-content\/uploads\/LOGO-COLOR-HORIZONTAL-CON-SLOGAN-1024x422.png\" alt=\"\" srcset=\"https:\/\/www.fsjb.org\/web\/wp-content\/uploads\/LOGO-COLOR-HORIZONTAL-CON-SLOGAN-1024x422.png 1024w, https:\/\/www.fsjb.org\/web\/wp-content\/uploads\/LOGO-COLOR-HORIZONTAL-CON-SLOGAN-300x124.png 300w, https:\/\/www.fsjb.org\/web\/wp-content\/uploads\/LOGO-COLOR-HORIZONTAL-CON-SLOGAN-768x316.png 768w, https:\/\/www.fsjb.org\/web\/wp-content\/uploads\/LOGO-COLOR-HORIZONTAL-CON-SLOGAN-1536x633.png 1536w, https:\/\/www.fsjb.org\/web\/wp-content\/uploads\/LOGO-COLOR-HORIZONTAL-CON-SLOGAN.png 1556w\" sizes=\"auto, (max-width: 1024px) 100vw, 1024px\" \/><\/figure>\r\n<\/div>\r\n\r\n\r\n\r\n<div class=\"wp-block-column is-layout-flow wp-block-column-is-layout-flow\">\r\n<figure class=\"wp-block-image size-large is-resized\"><img loading=\"lazy\" decoding=\"async\" width=\"1024\" height=\"671\" class=\"wp-image-2385\" style=\"width: 166px; height: auto;\" src=\"https:\/\/www.fsjb.org\/web\/wp-content\/uploads\/LOGOS-ICONTEC-FUNDACION-1-1024x671.png\" alt=\"\" srcset=\"https:\/\/www.fsjb.org\/web\/wp-content\/uploads\/LOGOS-ICONTEC-FUNDACION-1-1024x671.png 1024w, https:\/\/www.fsjb.org\/web\/wp-content\/uploads\/LOGOS-ICONTEC-FUNDACION-1-300x197.png 300w, https:\/\/www.fsjb.org\/web\/wp-content\/uploads\/LOGOS-ICONTEC-FUNDACION-1-768x503.png 768w, https:\/\/www.fsjb.org\/web\/wp-content\/uploads\/LOGOS-ICONTEC-FUNDACION-1-1536x1006.png 1536w, https:\/\/www.fsjb.org\/web\/wp-content\/uploads\/LOGOS-ICONTEC-FUNDACION-1.png 1804w\" sizes=\"auto, (max-width: 1024px) 100vw, 1024px\" \/><\/figure>\r\n<\/div>\r\n\r\n\r\n\r\n<div class=\"wp-block-column is-layout-flow wp-block-column-is-layout-flow\">\r\n<figure class=\"wp-block-image size-large\"><img loading=\"lazy\" decoding=\"async\" width=\"1024\" height=\"319\" class=\"wp-image-2387\" src=\"https:\/\/www.fsjb.org\/web\/wp-content\/uploads\/Logo-Vigilado-Supersalud-2024_Mesa-de-trabajo-1-3-1024x319.png\" alt=\"\" srcset=\"https:\/\/www.fsjb.org\/web\/wp-content\/uploads\/Logo-Vigilado-Supersalud-2024_Mesa-de-trabajo-1-3-1024x319.png 1024w, https:\/\/www.fsjb.org\/web\/wp-content\/uploads\/Logo-Vigilado-Supersalud-2024_Mesa-de-trabajo-1-3-300x93.png 300w, https:\/\/www.fsjb.org\/web\/wp-content\/uploads\/Logo-Vigilado-Supersalud-2024_Mesa-de-trabajo-1-3-768x239.png 768w, https:\/\/www.fsjb.org\/web\/wp-content\/uploads\/Logo-Vigilado-Supersalud-2024_Mesa-de-trabajo-1-3-1536x479.png 1536w, https:\/\/www.fsjb.org\/web\/wp-content\/uploads\/Logo-Vigilado-Supersalud-2024_Mesa-de-trabajo-1-3-2048x638.png 2048w\" sizes=\"auto, (max-width: 1024px) 100vw, 1024px\" \/><\/figure>\r\n<\/div>\r\n<\/div>\r\n\r\n\r\n\r\n<p>&nbsp;<\/p>\r\n ","protected":false},"excerpt":{"rendered":"<p>La Fundaci\u00f3n San Jos\u00e9 de Buga es una entidad privada, sin \u00e1nimo de lucro, que presta servicios de salud de mediana y alta complejidad en Buga, Valle del Cauca, Colombia. Desde nuestra Fundaci\u00f3n lideramos iniciativas de responsabilidad y bienestar social para brindar atenci\u00f3n en salud a las comunidades m\u00e1s vulnerables del pa\u00eds. JORNADAS DE ORTOPEDIA [&hellip;]<\/p>\n","protected":false},"author":1,"featured_media":0,"parent":0,"menu_order":0,"comment_status":"closed","ping_status":"closed","template":"","meta":{"_cbd_carousel_blocks":"[]","footnotes":""},"class_list":["post-1077","page","type-page","status-publish","hentry"],"yoast_head":"<!-- This site is optimized with the Yoast SEO plugin v27.5 - https:\/\/yoast.com\/product\/yoast-seo-wordpress\/ -->\n<title>DONACIONES FUNDACI\u00d3N SAN JOS\u00c9 DE BUGA - Fundaci&oacute;n San Jos&eacute; Buga<\/title>\n<meta name=\"robots\" content=\"index, follow, max-snippet:-1, max-image-preview:large, max-video-preview:-1\" \/>\n<link rel=\"canonical\" href=\"https:\/\/www.fsjb.org\/web\/?page_id=1077\" \/>\n<meta property=\"og:locale\" content=\"es_ES\" \/>\n<meta property=\"og:type\" content=\"article\" \/>\n<meta property=\"og:title\" content=\"DONACIONES FUNDACI\u00d3N SAN JOS\u00c9 DE BUGA - Fundaci&oacute;n San Jos&eacute; Buga\" \/>\n<meta property=\"og:description\" content=\"La Fundaci\u00f3n San Jos\u00e9 de Buga es una entidad privada, sin \u00e1nimo de lucro, que presta servicios de salud de mediana y alta complejidad en Buga, Valle del Cauca, Colombia. Desde nuestra Fundaci\u00f3n lideramos iniciativas de responsabilidad y bienestar social para brindar atenci\u00f3n en salud a las comunidades m\u00e1s vulnerables del pa\u00eds. JORNADAS DE ORTOPEDIA [&hellip;]\" \/>\n<meta property=\"og:url\" content=\"https:\/\/www.fsjb.org\/web\/?page_id=1077\" \/>\n<meta property=\"og:site_name\" content=\"Fundaci&oacute;n San Jos&eacute; Buga\" \/>\n<meta property=\"article:publisher\" content=\"https:\/\/www.facebook.com\/fundacionsanjosebuga\/\" \/>\n<meta property=\"article:modified_time\" content=\"2026-04-06T17:20:01+00:00\" \/>\n<meta property=\"og:image\" content=\"https:\/\/www.fsjb.org\/web\/wp-content\/uploads\/WhatsApp-Image-2025-05-06-at-8.17.40-AM-1.jpeg\" \/>\n\t<meta property=\"og:image:width\" content=\"2560\" \/>\n\t<meta property=\"og:image:height\" content=\"1091\" \/>\n\t<meta property=\"og:image:type\" content=\"image\/jpeg\" \/>\n<meta name=\"twitter:card\" content=\"summary_large_image\" \/>\n<meta name=\"twitter:label1\" content=\"Tiempo de lectura\" \/>\n\t<meta name=\"twitter:data1\" content=\"3 minutos\" \/>\n<script type=\"application\/ld+json\" class=\"yoast-schema-graph\">{\"@context\":\"https:\\\/\\\/schema.org\",\"@graph\":[{\"@type\":\"WebPage\",\"@id\":\"https:\\\/\\\/www.fsjb.org\\\/web\\\/?page_id=1077\",\"url\":\"https:\\\/\\\/www.fsjb.org\\\/web\\\/?page_id=1077\",\"name\":\"DONACIONES FUNDACI\u00d3N SAN JOS\u00c9 DE BUGA - Fundaci&oacute;n San Jos&eacute; Buga\",\"isPartOf\":{\"@id\":\"https:\\\/\\\/www.fsjb.org\\\/web\\\/#website\"},\"primaryImageOfPage\":{\"@id\":\"https:\\\/\\\/www.fsjb.org\\\/web\\\/?page_id=1077#primaryimage\"},\"image\":{\"@id\":\"https:\\\/\\\/www.fsjb.org\\\/web\\\/?page_id=1077#primaryimage\"},\"thumbnailUrl\":\"https:\\\/\\\/www.fsjb.org\\\/web\\\/wp-content\\\/uploads\\\/WhatsApp-Image-2025-05-06-at-8.17.40-AM-1-1024x436.jpeg\",\"datePublished\":\"2020-05-20T16:06:43+00:00\",\"dateModified\":\"2026-04-06T17:20:01+00:00\",\"breadcrumb\":{\"@id\":\"https:\\\/\\\/www.fsjb.org\\\/web\\\/?page_id=1077#breadcrumb\"},\"inLanguage\":\"es\",\"potentialAction\":[{\"@type\":\"ReadAction\",\"target\":[\"https:\\\/\\\/www.fsjb.org\\\/web\\\/?page_id=1077\"]}]},{\"@type\":\"ImageObject\",\"inLanguage\":\"es\",\"@id\":\"https:\\\/\\\/www.fsjb.org\\\/web\\\/?page_id=1077#primaryimage\",\"url\":\"https:\\\/\\\/www.fsjb.org\\\/web\\\/wp-content\\\/uploads\\\/WhatsApp-Image-2025-05-06-at-8.17.40-AM-1.jpeg\",\"contentUrl\":\"https:\\\/\\\/www.fsjb.org\\\/web\\\/wp-content\\\/uploads\\\/WhatsApp-Image-2025-05-06-at-8.17.40-AM-1.jpeg\",\"width\":2560,\"height\":1091},{\"@type\":\"BreadcrumbList\",\"@id\":\"https:\\\/\\\/www.fsjb.org\\\/web\\\/?page_id=1077#breadcrumb\",\"itemListElement\":[{\"@type\":\"ListItem\",\"position\":1,\"name\":\"Portada\",\"item\":\"https:\\\/\\\/www.fsjb.org\\\/web\\\/\"},{\"@type\":\"ListItem\",\"position\":2,\"name\":\"DONACIONES FUNDACI\u00d3N SAN JOS\u00c9 DE BUGA\"}]},{\"@type\":\"WebSite\",\"@id\":\"https:\\\/\\\/www.fsjb.org\\\/web\\\/#website\",\"url\":\"https:\\\/\\\/www.fsjb.org\\\/web\\\/\",\"name\":\"Fundaci\u00f3n San Jos\u00e9 Buga\",\"description\":\"Pagina web\",\"publisher\":{\"@id\":\"https:\\\/\\\/www.fsjb.org\\\/web\\\/#organization\"},\"potentialAction\":[{\"@type\":\"SearchAction\",\"target\":{\"@type\":\"EntryPoint\",\"urlTemplate\":\"https:\\\/\\\/www.fsjb.org\\\/web\\\/?s={search_term_string}\"},\"query-input\":{\"@type\":\"PropertyValueSpecification\",\"valueRequired\":true,\"valueName\":\"search_term_string\"}}],\"inLanguage\":\"es\"},{\"@type\":\"Organization\",\"@id\":\"https:\\\/\\\/www.fsjb.org\\\/web\\\/#organization\",\"name\":\"Fundaci\u00f3n San Jos\u00e9 Buga\",\"url\":\"https:\\\/\\\/www.fsjb.org\\\/web\\\/\",\"logo\":{\"@type\":\"ImageObject\",\"inLanguage\":\"es\",\"@id\":\"https:\\\/\\\/www.fsjb.org\\\/web\\\/#\\\/schema\\\/logo\\\/image\\\/\",\"url\":\"https:\\\/\\\/www.fsjb.org\\\/web\\\/wp-content\\\/uploads\\\/logo-n.png\",\"contentUrl\":\"https:\\\/\\\/www.fsjb.org\\\/web\\\/wp-content\\\/uploads\\\/logo-n.png\",\"width\":208,\"height\":166,\"caption\":\"Fundaci\u00f3n San Jos\u00e9 Buga\"},\"image\":{\"@id\":\"https:\\\/\\\/www.fsjb.org\\\/web\\\/#\\\/schema\\\/logo\\\/image\\\/\"},\"sameAs\":[\"https:\\\/\\\/www.facebook.com\\\/fundacionsanjosebuga\\\/\",\"https:\\\/\\\/co.linkedin.com\\\/company\\\/fsjb\"]}]}<\/script>\n<!-- \/ Yoast SEO plugin. -->","yoast_head_json":{"title":"DONACIONES FUNDACI\u00d3N SAN JOS\u00c9 DE BUGA - Fundaci&oacute;n San Jos&eacute; Buga","robots":{"index":"index","follow":"follow","max-snippet":"max-snippet:-1","max-image-preview":"max-image-preview:large","max-video-preview":"max-video-preview:-1"},"canonical":"https:\/\/www.fsjb.org\/web\/?page_id=1077","og_locale":"es_ES","og_type":"article","og_title":"DONACIONES FUNDACI\u00d3N SAN JOS\u00c9 DE BUGA - Fundaci&oacute;n San Jos&eacute; Buga","og_description":"La Fundaci\u00f3n San Jos\u00e9 de Buga es una entidad privada, sin \u00e1nimo de lucro, que presta servicios de salud de mediana y alta complejidad en Buga, Valle del Cauca, Colombia. Desde nuestra Fundaci\u00f3n lideramos iniciativas de responsabilidad y bienestar social para brindar atenci\u00f3n en salud a las comunidades m\u00e1s vulnerables del pa\u00eds. JORNADAS DE ORTOPEDIA [&hellip;]","og_url":"https:\/\/www.fsjb.org\/web\/?page_id=1077","og_site_name":"Fundaci&oacute;n San Jos&eacute; Buga","article_publisher":"https:\/\/www.facebook.com\/fundacionsanjosebuga\/","article_modified_time":"2026-04-06T17:20:01+00:00","og_image":[{"width":2560,"height":1091,"url":"https:\/\/www.fsjb.org\/web\/wp-content\/uploads\/WhatsApp-Image-2025-05-06-at-8.17.40-AM-1.jpeg","type":"image\/jpeg"}],"twitter_card":"summary_large_image","twitter_misc":{"Tiempo de lectura":"3 minutos"},"schema":{"@context":"https:\/\/schema.org","@graph":[{"@type":"WebPage","@id":"https:\/\/www.fsjb.org\/web\/?page_id=1077","url":"https:\/\/www.fsjb.org\/web\/?page_id=1077","name":"DONACIONES FUNDACI\u00d3N SAN JOS\u00c9 DE BUGA - Fundaci&oacute;n San Jos&eacute; Buga","isPartOf":{"@id":"https:\/\/www.fsjb.org\/web\/#website"},"primaryImageOfPage":{"@id":"https:\/\/www.fsjb.org\/web\/?page_id=1077#primaryimage"},"image":{"@id":"https:\/\/www.fsjb.org\/web\/?page_id=1077#primaryimage"},"thumbnailUrl":"https:\/\/www.fsjb.org\/web\/wp-content\/uploads\/WhatsApp-Image-2025-05-06-at-8.17.40-AM-1-1024x436.jpeg","datePublished":"2020-05-20T16:06:43+00:00","dateModified":"2026-04-06T17:20:01+00:00","breadcrumb":{"@id":"https:\/\/www.fsjb.org\/web\/?page_id=1077#breadcrumb"},"inLanguage":"es","potentialAction":[{"@type":"ReadAction","target":["https:\/\/www.fsjb.org\/web\/?page_id=1077"]}]},{"@type":"ImageObject","inLanguage":"es","@id":"https:\/\/www.fsjb.org\/web\/?page_id=1077#primaryimage","url":"https:\/\/www.fsjb.org\/web\/wp-content\/uploads\/WhatsApp-Image-2025-05-06-at-8.17.40-AM-1.jpeg","contentUrl":"https:\/\/www.fsjb.org\/web\/wp-content\/uploads\/WhatsApp-Image-2025-05-06-at-8.17.40-AM-1.jpeg","width":2560,"height":1091},{"@type":"BreadcrumbList","@id":"https:\/\/www.fsjb.org\/web\/?page_id=1077#breadcrumb","itemListElement":[{"@type":"ListItem","position":1,"name":"Portada","item":"https:\/\/www.fsjb.org\/web\/"},{"@type":"ListItem","position":2,"name":"DONACIONES FUNDACI\u00d3N SAN JOS\u00c9 DE BUGA"}]},{"@type":"WebSite","@id":"https:\/\/www.fsjb.org\/web\/#website","url":"https:\/\/www.fsjb.org\/web\/","name":"Fundaci\u00f3n San Jos\u00e9 Buga","description":"Pagina web","publisher":{"@id":"https:\/\/www.fsjb.org\/web\/#organization"},"potentialAction":[{"@type":"SearchAction","target":{"@type":"EntryPoint","urlTemplate":"https:\/\/www.fsjb.org\/web\/?s={search_term_string}"},"query-input":{"@type":"PropertyValueSpecification","valueRequired":true,"valueName":"search_term_string"}}],"inLanguage":"es"},{"@type":"Organization","@id":"https:\/\/www.fsjb.org\/web\/#organization","name":"Fundaci\u00f3n San Jos\u00e9 Buga","url":"https:\/\/www.fsjb.org\/web\/","logo":{"@type":"ImageObject","inLanguage":"es","@id":"https:\/\/www.fsjb.org\/web\/#\/schema\/logo\/image\/","url":"https:\/\/www.fsjb.org\/web\/wp-content\/uploads\/logo-n.png","contentUrl":"https:\/\/www.fsjb.org\/web\/wp-content\/uploads\/logo-n.png","width":208,"height":166,"caption":"Fundaci\u00f3n San Jos\u00e9 Buga"},"image":{"@id":"https:\/\/www.fsjb.org\/web\/#\/schema\/logo\/image\/"},"sameAs":["https:\/\/www.facebook.com\/fundacionsanjosebuga\/","https:\/\/co.linkedin.com\/company\/fsjb"]}]}},"_links":{"self":[{"href":"https:\/\/www.fsjb.org\/web\/index.php?rest_route=\/wp\/v2\/pages\/1077","targetHints":{"allow":["GET"]}}],"collection":[{"href":"https:\/\/www.fsjb.org\/web\/index.php?rest_route=\/wp\/v2\/pages"}],"about":[{"href":"https:\/\/www.fsjb.org\/web\/index.php?rest_route=\/wp\/v2\/types\/page"}],"author":[{"embeddable":true,"href":"https:\/\/www.fsjb.org\/web\/index.php?rest_route=\/wp\/v2\/users\/1"}],"replies":[{"embeddable":true,"href":"https:\/\/www.fsjb.org\/web\/index.php?rest_route=%2Fwp%2Fv2%2Fcomments&post=1077"}],"version-history":[{"count":0,"href":"https:\/\/www.fsjb.org\/web\/index.php?rest_route=\/wp\/v2\/pages\/1077\/revisions"}],"wp:attachment":[{"href":"https:\/\/www.fsjb.org\/web\/index.php?rest_route=%2Fwp%2Fv2%2Fmedia&parent=1077"}],"curies":[{"name":"wp","href":"https:\/\/api.w.org\/{rel}","templated":true}]}}